{"id":29253,"date":"2023-01-19T12:17:26","date_gmt":"2023-01-19T11:17:26","guid":{"rendered":"https:\/\/bottari.it\/startseite\/"},"modified":"2023-01-30T10:44:35","modified_gmt":"2023-01-30T09:44:35","slug":"startseite","status":"publish","type":"page","link":"https:\/\/bottari.it\/de\/","title":{"rendered":"Startseite"},"content":{"rendered":"<p>[vc_row top_padding=&#8220;40&#8243;][vc_column width=&#8220;1\/1&#8243;]<div class=\"single_image wpb_content_element align-left    \" data-animation=\"none\" data-delay=\"0\"><img width=\"1440\" height=\"360\" src=\"https:\/\/bottari.it\/wp-content\/uploads\/2023\/01\/vendita-accessori-auto-moto.jpeg\" class=\"attachment-full\" alt=\"\" loading=\"lazy\" srcset=\"https:\/\/bottari.it\/wp-content\/uploads\/2023\/01\/vendita-accessori-auto-moto.jpeg 1440w, https:\/\/bottari.it\/wp-content\/uploads\/2023\/01\/vendita-accessori-auto-moto-300x75.jpeg 300w, https:\/\/bottari.it\/wp-content\/uploads\/2023\/01\/vendita-accessori-auto-moto-1024x256.jpeg 1024w, https:\/\/bottari.it\/wp-content\/uploads\/2023\/01\/vendita-accessori-auto-moto-768x192.jpeg 768w\" sizes=\"(max-width: 1440px) 100vw, 1440px\" \/><\/div>[\/vc_column][\/vc_row][vc_row text_align=&#8220;center&#8220; top_padding=&#8220;70&#8243; bottom_padding=&#8220;70&#8243;][vc_column width=&#8220;1\/1&#8243;]<h1 class=\"headline font-inherit fontsize-l fontweight-700 lh-inherit align-center transform-inherit \" style=\"margin: 0 0 20px 0; color: #023e7c;\">Bottari SpA<br \/>\nErfinden, erstellen, erneuern, verbessern. Verkauf von Zubeh\u00f6r f\u00fcr Autos, Motorr\u00e4der, Fahrr\u00e4der, Nutzfahrzeuge und Lastwagen<\/h1>[vc_column_text]<\/p>\n<p style=\"text-align: center;\">Bottari SpA w\u00e4hlt die Neuheiten und besten Referenzen auf dem Weltmarkt f\u00fcr <strong>Auto-, Motorrad-, Fahrrad- und Nutzfahrzeugzubeh\u00f6r<\/strong> aus: von hochspezialisierten Produkten bis hin zu Nischenartikeln, um die Bed\u00fcrfnisse einer breitgef\u00e4cherten Nutzergruppe zu erf\u00fcllen.<\/p>\n<p style=\"text-align: center;\">Seit 1958 sind Branchenerfahrung und Know-how eine Garantie f\u00fcr Zuverl\u00e4ssigkeit und Seriosit\u00e4t f\u00fcr Privat- und Gesch\u00e4ftskunden weltweit.<\/p>\n<h2 style=\"text-align: center; text-decoration: underline;\"><a href=\"https:\/\/bottari.it\/de\/?page_id=29171\"><strong>Entdecken Sie die Geschichte unseres Unternehmens<\/strong><\/a><\/h2>\n<p>[\/vc_column_text][\/vc_column][\/vc_row][vc_row bg_image=&#8220;26179&#8243; parallax_bg=&#8220;true&#8220; stellar_class=&#8220;fixed&#8220; bg_color=&#8220;rgba(0,0,0,0.9)&#8220; text_color=&#8220;light&#8220; text_align=&#8220;center&#8220; top_padding=&#8220;50&#8243; bottom_padding=&#8220;50&#8243; class=&#8220;black-bg&#8220;][vc_column column_padding=&#8220;padding-6&#8243; width=&#8220;1\/1&#8243;]<h3 class=\"headline font-inherit fontsize-xxl fontweight-700 lh-13 align-center transform-inherit \" style=\"margin: 100px 50px 20px 50px; color: #ffffff;\">Bottari-Produkte<\/h3><h2 class=\"headline font-inherit fontsize-m fontweight-700 lh-inherit align-center transform-inherit \" style=\"margin: 0 50px 50px 50px; color: #ffffff;\">\u00dcber 9.000 Zubeh\u00f6rteile f\u00fcr Autos, Motorr\u00e4der, Fahrr\u00e4der, Nutzfahrzeuge und Lastwagen<\/h2>[\/vc_column][\/vc_row][vc_row top_padding=&#8220;50&#8243; bottom_padding=&#8220;50&#8243;][vc_column width=&#8220;1\/4&#8243;][\/vc_column][vc_column width=&#8220;1\/2&#8243;][vc_column_text]Bottari S.p.A. liefert Auto-, Motorrad- und Fahrradzubeh\u00f6r an allgemeine und gewerbliche H\u00e4ndler und erf\u00fcllt dar\u00fcber hinaus die Anforderungen des Endverbrauchermarktes.<\/p>\n<p>Das Portal BOTTARISHOP wurde geschaffen, um die Abfrage von mehr als 9.000 Katalogartikeln zu beschleunigen und den Bestellvorgang f\u00fcr Unternehmen, Fachleute und Privatpersonen zu erleichtern.[\/vc_column_text][\/vc_column][vc_column width=&#8220;1\/4&#8243;][\/vc_column][\/vc_row][vc_row text_align=&#8220;center&#8220; top_padding=&#8220;50&#8243; bottom_padding=&#8220;50&#8243; class=&#8220;prodottihome&#8220;][vc_column width=&#8220;1\/6&#8243;][\/vc_column][vc_column width=&#8220;2\/3&#8243;][vc_row_inner][vc_column_inner el_class=&#8220;border-prodottihome&#8220; width=&#8220;1\/3&#8243; css=&#8220;.vc_custom_1665410247032{background-color: #ffffff !important;}&#8220;][vc_column_text css_animation=&#8220;appear&#8220;]<a href=\"https:\/\/bottari.it\/de\/produkte\/#Auto-Zubehor\"><img loading=\"lazy\" class=\"aligncenter wp-image-15949 size-medium\" src=\"https:\/\/bottari.it\/wp-content\/uploads\/2016\/09\/Auto-80x80.jpg\" alt=\"Bottari Autozubeh\u00f6r\" width=\"300\" height=\"300\" srcset=\"https:\/\/bottari.it\/wp-content\/uploads\/2016\/09\/Auto-80x80.jpg 80w, https:\/\/bottari.it\/wp-content\/uploads\/2016\/09\/Auto-150x150.jpg 150w, https:\/\/bottari.it\/wp-content\/uploads\/2016\/09\/Auto.jpg 300w\" sizes=\"(max-width: 300px) 100vw, 300px\" \/><\/a>[\/vc_column_text][vc_column_text css_animation=&#8220;appear&#8220;]<\/p>\n<h5><a href=\"https:\/\/bottari.it\/de\/?page_id=29137#accessori-auto\"><strong>Autozubeh\u00f6r<\/strong><\/a><\/h5>\n<p>[\/vc_column_text][\/vc_column_inner][vc_column_inner el_class=&#8220;border-prodottihome&#8220; width=&#8220;1\/3&#8243; css=&#8220;.vc_custom_1665409780120{background-color: #ffffff !important;}&#8220;][vc_column_text css_animation=&#8220;appear&#8220;]<a href=\"https:\/\/bottari.it\/de\/produkte\/7#Motorrad-und-Fahrradzubehor\"><img loading=\"lazy\" class=\"aligncenter wp-image-15951 size-medium\" src=\"https:\/\/bottari.it\/wp-content\/uploads\/2016\/09\/Moto-1-80x80.jpg\" alt=\"Bottari Motorrad-Zubeh\u00f6r\" width=\"300\" height=\"300\" srcset=\"https:\/\/bottari.it\/wp-content\/uploads\/2016\/09\/Moto-1-80x80.jpg 80w, https:\/\/bottari.it\/wp-content\/uploads\/2016\/09\/Moto-1-150x150.jpg 150w, https:\/\/bottari.it\/wp-content\/uploads\/2016\/09\/Moto-1.jpg 300w\" sizes=\"(max-width: 300px) 100vw, 300px\" \/><\/a>[\/vc_column_text][vc_column_text css_animation=&#8220;appear&#8220;]<\/p>\n<h5><a href=\"https:\/\/bottari.it\/de\/?page_id=29137#accessori-moto-bici\"><strong>Motorradbekleidung und -zubeh\u00f6r<\/strong><\/a><\/h5>\n<p>[\/vc_column_text][\/vc_column_inner][vc_column_inner el_class=&#8220;border-prodottihome&#8220; width=&#8220;1\/3&#8243; css=&#8220;.vc_custom_1665409785994{background-color: #ffffff !important;}&#8220;][vc_column_text css_animation=&#8220;appear&#8220;]<a href=\"https:\/\/bottari.it\/de\/?page_id=29137#accessori-moto-bici\"><img loading=\"lazy\" class=\"aligncenter wp-image-15438 size-medium\" src=\"https:\/\/bottari.it\/wp-content\/uploads\/2023\/01\/bike.jpeg\" alt=\"Bottari Fahrradzubeh\u00f6r\" width=\"300\" height=\"300\" \/><\/a>[\/vc_column_text][vc_column_text css_animation=&#8220;appear&#8220;]<\/p>\n<h5><a href=\"https:\/\/bottari.it\/de\/?page_id=29137#accessori-moto-bici\"><strong>Fahrradzubeh\u00f6r<\/strong><\/a><\/h5>\n<p>[\/vc_column_text][\/vc_column_inner][\/vc_row_inner][\/vc_column][vc_column column_padding=&#8220;padding-4&#8243; width=&#8220;1\/6&#8243;][\/vc_column][\/vc_row][vc_row text_color=&#8220;light&#8220; text_align=&#8220;center&#8220; top_padding=&#8220;0&#8243; bottom_padding=&#8220;0&#8243;][vc_column width=&#8220;1\/1&#8243;]<a href=\"https:\/\/www.bottarishop.it\/de\/\" target=\"_blank\" class=\"button custom large \" style=\"background-color: #000000; border-color: #000000;border-radius: 2px;\">Zum Shop <\/a>[\/vc_column][\/vc_row][vc_row text_align=&#8220;center&#8220; top_padding=&#8220;70&#8243; bottom_padding=&#8220;0&#8243;][vc_column width=&#8220;1\/1&#8243;]<h3 class=\"headline font-inherit fontsize-l fontweight-700 lh-inherit align-center transform-inherit \" style=\"margin: 0 0 20px 0; color: #023e7c;\">Bottari NEWS<\/h3>[vc_column_text]<\/p>\n<p style=\"text-align: center;\">Informieren Sie sich \u00fcber die Produktauswahl, halten Sie sich \u00fcber Branchenveranstaltungen auf dem Laufenden, erfahren Sie mehr \u00fcber Neuigkeiten und profitieren Sie im Voraus von speziellen Werbeaktionen.<\/p>\n<p>[\/vc_column_text][\/vc_column][\/vc_row][vc_row top_padding=&#8220;40&#8243; bg_position=&#8220;left top&#8220;][vc_column width=&#8220;1\/2&#8243;][\/vc_column][vc_column width=&#8220;1\/2&#8243;][\/vc_column][\/vc_row][vc_row text_color=&#8220;light&#8220; text_align=&#8220;center&#8220; top_padding=&#8220;50&#8243; bottom_padding=&#8220;50&#8243;][vc_column width=&#8220;1\/1&#8243;]<a href=\"https:\/\/bottari.it\/de\/messen-und-fuehrungen\/\" target=\"_self\" class=\"button custom large \" style=\"background-color: #000000; border-color: #000000;border-radius: 2px;\">Alle Nachrichten lesen<\/a>[\/vc_column][\/vc_row][vc_row type=&#8220;full_width_section&#8220; bg_image=&#8220;26430&#8243; bg_repeat=&#8220;no-repeat&#8220; bg_color=&#8220;#ffffff&#8220; top_padding=&#8220;0&#8243; bottom_padding=&#8220;0&#8243;][vc_column column_padding=&#8220;padding-4&#8243; width=&#8220;1\/2&#8243;][vc_column_text css_animation=&#8220;right-to-left&#8220;]<\/p>\n<h2>M\u00f6chten Sie unser Wiederverk\u00e4ufer werden und auf die<br \/>\nreservierten Preislisten zugreifen?<\/h2>\n<p>[\/vc_column_text][vc_column_text]<\/p>\n<div class=\"elementor-widget elementor-element elementor-element-1zkokiu elementor-widget-text-editor\" data-element_type=\"text-editor\">\n<div class=\"elementor-widget-container\">\n<div class=\"elementor-text-editor rte-content\">\n<p>Produkte von Bottari weltweit anzubieten bedeutet, sicherzustellen, dass Ihre Kunden in Ihrem Gesch\u00e4ft die Qualit\u00e4t und Zuverl\u00e4ssigkeit finden, die sie suchen.<\/p>\n<p>F\u00fcr kundenspezifische Lieferungen oder Beratung \u00fcber den richtigen Aufsteller f\u00fcr Ihre R\u00e4ume und Bed\u00fcrfnisse k\u00f6nnen Sie sich an unser Verkaufsteam wenden.<\/p>\n<p>Bei <strong>Bottari SpA<\/strong> finden Sie<\/p>\n<ul>\n<li>Sortiment<\/li>\n<li>Schnellen und p\u00fcnktlichen Lieferservice<\/li>\n<li>Preis und individuelle Gestaltung<\/li>\n<\/ul>\n<p>Wir stehen nationalen und internationalen H\u00e4ndlern, Vertriebsh\u00e4ndlern und Einzelh\u00e4ndlern zur Verf\u00fcgung.<\/p>\n<p>Senden Sie jetzt Ihre Anfrage, wir freuen uns darauf, Ihnen helfen zu d\u00fcrfen.<\/p>\n<\/div>\n<\/div>\n<\/div>\n<p>[\/vc_column_text][vc_column_text css_animation=&#8220;right-to-left&#8220;]<a href=\"https:\/\/bottari.it\/diventa-distributore\/\" target=\"_self\" class=\"button color-3 small \" style=\"border-radius: 2px;\">Kontakt<\/a>[\/vc_column_text][\/vc_column][vc_column width=&#8220;1\/2&#8243;][\/vc_column][\/vc_row]<\/p>\n","protected":false},"excerpt":{"rendered":"<p>[vc_row top_padding=&#8220;40&#8243;][vc_column width=&#8220;1\/1&#8243;][\/vc_column][\/vc_row][vc_row text_align=&#8220;center&#8220; top_padding=&#8220;70&#8243; bottom_padding=&#8220;70&#8243;][vc_column width=&#8220;1\/1&#8243;][vc_column_text] Bottari SpA w\u00e4hlt die Neuheiten und besten Referenzen auf dem Weltmarkt f\u00fcr Auto-, Motorrad-, Fahrrad- und Nutzfahrzeugzubeh\u00f6r aus: von hochspezialisierten Produkten bis hin zu Nischenartikeln, um die Bed\u00fcrfnisse [&hellip;]<\/p>\n","protected":false},"author":2,"featured_media":0,"parent":0,"menu_order":0,"comment_status":"closed","ping_status":"open","template":"","meta":[],"yoast_head":"<!-- This site is optimized with the Yoast SEO plugin v19.9 - https:\/\/yoast.com\/wordpress\/plugins\/seo\/ -->\n<title>Verkauf von Auto-, Motorrad-, Fahrrad-, Nutzfahrzeug- und LKW-Zubeh\u00f6r - Bottari Spa<\/title>\n<meta name=\"description\" content=\"Bottari S.p.a. - \u00dcber 10.000 Auto-, Motorrad-, Fahrrad-, Fahrzeug-, Nutzfahrzeug- und Lkw-Zubeh\u00f6r - Reinigung, Wartung, R\u00e4der, Lampen, Sitzbez\u00fcge, Teppiche\" \/>\n<meta name=\"robots\" content=\"index, follow, max-snippet:-1, max-image-preview:large, max-video-preview:-1\" \/>\n<link rel=\"canonical\" href=\"https:\/\/bottari.it\/de\/\" \/>\n<meta property=\"og:locale\" content=\"de_DE\" \/>\n<meta property=\"og:type\" content=\"article\" \/>\n<meta property=\"og:title\" content=\"Verkauf von Auto-, Motorrad-, Fahrrad-, Nutzfahrzeug- und LKW-Zubeh\u00f6r - Bottari Spa\" \/>\n<meta property=\"og:description\" content=\"Bottari S.p.a. - \u00dcber 10.000 Auto-, Motorrad-, Fahrrad-, Fahrzeug-, Nutzfahrzeug- und Lkw-Zubeh\u00f6r - Reinigung, Wartung, R\u00e4der, Lampen, Sitzbez\u00fcge, Teppiche\" \/>\n<meta property=\"og:url\" content=\"https:\/\/bottari.it\/de\/\" \/>\n<meta property=\"og:site_name\" content=\"Bottari.it\" \/>\n<meta property=\"article:publisher\" content=\"https:\/\/www.facebook.com\/bottarispa\" \/>\n<meta property=\"article:modified_time\" content=\"2023-01-30T09:44:35+00:00\" \/>\n<meta property=\"og:image\" content=\"https:\/\/bottari.it\/wp-content\/uploads\/2016\/09\/Auto-80x80.jpg\" \/>\n<meta name=\"twitter:label1\" content=\"Gesch\u00e4tzte Lesezeit\" \/>\n\t<meta name=\"twitter:data1\" content=\"3\u00a0Minuten\" \/>\n<script type=\"application\/ld+json\" class=\"yoast-schema-graph\">{\"@context\":\"https:\/\/schema.org\",\"@graph\":[{\"@type\":\"WebPage\",\"@id\":\"https:\/\/bottari.it\/de\/\",\"url\":\"https:\/\/bottari.it\/de\/\",\"name\":\"Verkauf von Auto-, Motorrad-, Fahrrad-, Nutzfahrzeug- und LKW-Zubeh\u00f6r - Bottari Spa\",\"isPartOf\":{\"@id\":\"https:\/\/bottari.it\/de\/#website\"},\"datePublished\":\"2023-01-19T11:17:26+00:00\",\"dateModified\":\"2023-01-30T09:44:35+00:00\",\"description\":\"Bottari S.p.a. - \u00dcber 10.000 Auto-, Motorrad-, Fahrrad-, Fahrzeug-, Nutzfahrzeug- und Lkw-Zubeh\u00f6r - Reinigung, Wartung, R\u00e4der, Lampen, Sitzbez\u00fcge, Teppiche\",\"breadcrumb\":{\"@id\":\"https:\/\/bottari.it\/de\/#breadcrumb\"},\"inLanguage\":\"de\",\"potentialAction\":[{\"@type\":\"ReadAction\",\"target\":[\"https:\/\/bottari.it\/de\/\"]}]},{\"@type\":\"BreadcrumbList\",\"@id\":\"https:\/\/bottari.it\/de\/#breadcrumb\",\"itemListElement\":[{\"@type\":\"ListItem\",\"position\":1,\"name\":\"Home\",\"item\":\"https:\/\/bottari.it\/de\/\"},{\"@type\":\"ListItem\",\"position\":2,\"name\":\"Startseite\"}]},{\"@type\":\"WebSite\",\"@id\":\"https:\/\/bottari.it\/de\/#website\",\"url\":\"https:\/\/bottari.it\/de\/\",\"name\":\"Bottari.it\",\"description\":\"accessori per Auto, Moto, Bici, Veicoli commerciali e Camion\",\"publisher\":{\"@id\":\"https:\/\/bottari.it\/de\/#organization\"},\"potentialAction\":[{\"@type\":\"SearchAction\",\"target\":{\"@type\":\"EntryPoint\",\"urlTemplate\":\"https:\/\/bottari.it\/de\/?s={search_term_string}\"},\"query-input\":\"required name=search_term_string\"}],\"inLanguage\":\"de\"},{\"@type\":\"Organization\",\"@id\":\"https:\/\/bottari.it\/de\/#organization\",\"name\":\"BOTTARI S.p.a.\",\"url\":\"https:\/\/bottari.it\/de\/\",\"logo\":{\"@type\":\"ImageObject\",\"inLanguage\":\"de\",\"@id\":\"https:\/\/bottari.it\/de\/#\/schema\/logo\/image\/\",\"url\":\"https:\/\/bottari.it\/wp-content\/uploads\/2014\/03\/Logo-Bottari.png\",\"contentUrl\":\"https:\/\/bottari.it\/wp-content\/uploads\/2014\/03\/Logo-Bottari.png\",\"width\":1200,\"height\":1200,\"caption\":\"BOTTARI S.p.a.\"},\"image\":{\"@id\":\"https:\/\/bottari.it\/de\/#\/schema\/logo\/image\/\"},\"sameAs\":[\"https:\/\/www.instagram.com\/bottarispa\/\",\"https:\/\/www.linkedin.com\/company\/bottari-s.p.a.\",\"https:\/\/www.facebook.com\/bottarispa\"]}]}<\/script>\n<!-- \/ Yoast SEO plugin. -->","yoast_head_json":{"title":"Verkauf von Auto-, Motorrad-, Fahrrad-, Nutzfahrzeug- und LKW-Zubeh\u00f6r - Bottari Spa","description":"Bottari S.p.a. - \u00dcber 10.000 Auto-, Motorrad-, Fahrrad-, Fahrzeug-, Nutzfahrzeug- und Lkw-Zubeh\u00f6r - Reinigung, Wartung, R\u00e4der, Lampen, Sitzbez\u00fcge, Teppiche","robots":{"index":"index","follow":"follow","max-snippet":"max-snippet:-1","max-image-preview":"max-image-preview:large","max-video-preview":"max-video-preview:-1"},"canonical":"https:\/\/bottari.it\/de\/","og_locale":"de_DE","og_type":"article","og_title":"Verkauf von Auto-, Motorrad-, Fahrrad-, Nutzfahrzeug- und LKW-Zubeh\u00f6r - Bottari Spa","og_description":"Bottari S.p.a. - \u00dcber 10.000 Auto-, Motorrad-, Fahrrad-, Fahrzeug-, Nutzfahrzeug- und Lkw-Zubeh\u00f6r - Reinigung, Wartung, R\u00e4der, Lampen, Sitzbez\u00fcge, Teppiche","og_url":"https:\/\/bottari.it\/de\/","og_site_name":"Bottari.it","article_publisher":"https:\/\/www.facebook.com\/bottarispa","article_modified_time":"2023-01-30T09:44:35+00:00","og_image":[{"url":"https:\/\/bottari.it\/wp-content\/uploads\/2016\/09\/Auto-80x80.jpg"}],"twitter_misc":{"Gesch\u00e4tzte Lesezeit":"3\u00a0Minuten"},"schema":{"@context":"https:\/\/schema.org","@graph":[{"@type":"WebPage","@id":"https:\/\/bottari.it\/de\/","url":"https:\/\/bottari.it\/de\/","name":"Verkauf von Auto-, Motorrad-, Fahrrad-, Nutzfahrzeug- und LKW-Zubeh\u00f6r - Bottari Spa","isPartOf":{"@id":"https:\/\/bottari.it\/de\/#website"},"datePublished":"2023-01-19T11:17:26+00:00","dateModified":"2023-01-30T09:44:35+00:00","description":"Bottari S.p.a. - \u00dcber 10.000 Auto-, Motorrad-, Fahrrad-, Fahrzeug-, Nutzfahrzeug- und Lkw-Zubeh\u00f6r - Reinigung, Wartung, R\u00e4der, Lampen, Sitzbez\u00fcge, Teppiche","breadcrumb":{"@id":"https:\/\/bottari.it\/de\/#breadcrumb"},"inLanguage":"de","potentialAction":[{"@type":"ReadAction","target":["https:\/\/bottari.it\/de\/"]}]},{"@type":"BreadcrumbList","@id":"https:\/\/bottari.it\/de\/#breadcrumb","itemListElement":[{"@type":"ListItem","position":1,"name":"Home","item":"https:\/\/bottari.it\/de\/"},{"@type":"ListItem","position":2,"name":"Startseite"}]},{"@type":"WebSite","@id":"https:\/\/bottari.it\/de\/#website","url":"https:\/\/bottari.it\/de\/","name":"Bottari.it","description":"accessori per Auto, Moto, Bici, Veicoli commerciali e Camion","publisher":{"@id":"https:\/\/bottari.it\/de\/#organization"},"potentialAction":[{"@type":"SearchAction","target":{"@type":"EntryPoint","urlTemplate":"https:\/\/bottari.it\/de\/?s={search_term_string}"},"query-input":"required name=search_term_string"}],"inLanguage":"de"},{"@type":"Organization","@id":"https:\/\/bottari.it\/de\/#organization","name":"BOTTARI S.p.a.","url":"https:\/\/bottari.it\/de\/","logo":{"@type":"ImageObject","inLanguage":"de","@id":"https:\/\/bottari.it\/de\/#\/schema\/logo\/image\/","url":"https:\/\/bottari.it\/wp-content\/uploads\/2014\/03\/Logo-Bottari.png","contentUrl":"https:\/\/bottari.it\/wp-content\/uploads\/2014\/03\/Logo-Bottari.png","width":1200,"height":1200,"caption":"BOTTARI S.p.a."},"image":{"@id":"https:\/\/bottari.it\/de\/#\/schema\/logo\/image\/"},"sameAs":["https:\/\/www.instagram.com\/bottarispa\/","https:\/\/www.linkedin.com\/company\/bottari-s.p.a.","https:\/\/www.facebook.com\/bottarispa"]}]}},"_links":{"self":[{"href":"https:\/\/bottari.it\/de\/wp-json\/wp\/v2\/pages\/29253"}],"collection":[{"href":"https:\/\/bottari.it\/de\/wp-json\/wp\/v2\/pages"}],"about":[{"href":"https:\/\/bottari.it\/de\/wp-json\/wp\/v2\/types\/page"}],"author":[{"embeddable":true,"href":"https:\/\/bottari.it\/de\/wp-json\/wp\/v2\/users\/2"}],"replies":[{"embeddable":true,"href":"https:\/\/bottari.it\/de\/wp-json\/wp\/v2\/comments?post=29253"}],"version-history":[{"count":15,"href":"https:\/\/bottari.it\/de\/wp-json\/wp\/v2\/pages\/29253\/revisions"}],"predecessor-version":[{"id":34147,"href":"https:\/\/bottari.it\/de\/wp-json\/wp\/v2\/pages\/29253\/revisions\/34147"}],"wp:attachment":[{"href":"https:\/\/bottari.it\/de\/wp-json\/wp\/v2\/media?parent=29253"}],"curies":[{"name":"wp","href":"https:\/\/api.w.org\/{rel}","templated":true}]}}