{"id":29249,"date":"2023-01-19T12:17:25","date_gmt":"2023-01-19T11:17:25","guid":{"rendered":"https:\/\/bottari.it\/wie-man-lampen-auswaehlt\/"},"modified":"2023-01-19T12:20:15","modified_gmt":"2023-01-19T11:20:15","slug":"wie-man-lampen-auswaehlt","status":"publish","type":"page","link":"https:\/\/bottari.it\/de\/wie-man-lampen-auswaehlt\/","title":{"rendered":"Wie man Lampen ausw\u00e4hlt"},"content":{"rendered":"<p>[vc_row][vc_column width=&#8220;1\/3&#8243;][vc_column_text]Lamp Application Tables, dienen dazu, dem Kunden die Wahl des richtigen Modells f\u00fcr sein Auto zu erleichtern. Dabei hilft uns die Tabelle mit den verschiedenen Automodellen und den dort montierten Lampentypen.[\/vc_column_text]<a href=\"https:\/\/www.bottarishop.it\/it\/content\/21-applicativi-lampade\" target=\"_blank\" class=\"button color-1 small \" style=\"border-radius: 2px;\">Tabella per  Applicativi Lampade<\/a>[\/vc_column][vc_column width=&#8220;2\/3&#8243;]<div class=\"single_image wpb_content_element align-left    \" data-animation=\"none\" data-delay=\"0\"><\/div>[\/vc_column][\/vc_row]<\/p>\n","protected":false},"excerpt":{"rendered":"<p>[vc_row][vc_column width=&#8220;1\/3&#8243;][vc_column_text]Lamp Application Tables, dienen dazu, dem Kunden die Wahl des richtigen Modells f\u00fcr sein Auto zu erleichtern. Dabei hilft uns die Tabelle mit den verschiedenen Automodellen und den dort montierten Lampentypen.[\/vc_column_text][\/vc_column][vc_column width=&#8220;2\/3&#8243;][\/vc_column][\/vc_row]<\/p>\n","protected":false},"author":2,"featured_media":0,"parent":0,"menu_order":130,"comment_status":"closed","ping_status":"closed","template":"","meta":[],"yoast_head":"<!-- This site is optimized with the Yoast SEO plugin v19.9 - https:\/\/yoast.com\/wordpress\/plugins\/seo\/ -->\n<title>Anwendungstabellen f\u00fcr Auto-, Motorrad- und LKW-Lampen - Bottari.it<\/title>\n<meta name=\"description\" content=\"Anwendungstabellen Auto-, Motorrad- und LKW-Lampen, damit Sie die richtige Lampe f\u00fcr Ihr Fahrzeug selbst ausw\u00e4hlen k\u00f6nnen.\" \/>\n<meta name=\"robots\" content=\"index, follow, max-snippet:-1, max-image-preview:large, max-video-preview:-1\" \/>\n<link rel=\"canonical\" href=\"https:\/\/bottari.it\/de\/wie-man-lampen-auswaehlt\/\" \/>\n<meta property=\"og:locale\" content=\"de_DE\" \/>\n<meta property=\"og:type\" content=\"article\" \/>\n<meta property=\"og:title\" content=\"Anwendungstabellen f\u00fcr Auto-, Motorrad- und LKW-Lampen - Bottari.it\" \/>\n<meta property=\"og:description\" content=\"Anwendungstabellen Auto-, Motorrad- und LKW-Lampen, damit Sie die richtige Lampe f\u00fcr Ihr Fahrzeug selbst ausw\u00e4hlen k\u00f6nnen.\" \/>\n<meta property=\"og:url\" content=\"https:\/\/bottari.it\/de\/wie-man-lampen-auswaehlt\/\" \/>\n<meta property=\"og:site_name\" content=\"Bottari.it\" \/>\n<meta property=\"article:publisher\" content=\"https:\/\/www.facebook.com\/bottarispa\" \/>\n<meta property=\"article:modified_time\" content=\"2023-01-19T11:20:15+00:00\" \/>\n<meta property=\"og:image\" content=\"https:\/\/bottari.it\/wp-content\/uploads\/2016\/07\/bottari_logo_retina.png\" \/>\n\t<meta property=\"og:image:width\" content=\"600\" \/>\n\t<meta property=\"og:image:height\" content=\"169\" \/>\n\t<meta property=\"og:image:type\" content=\"image\/png\" \/>\n<script type=\"application\/ld+json\" class=\"yoast-schema-graph\">{\"@context\":\"https:\/\/schema.org\",\"@graph\":[{\"@type\":\"WebPage\",\"@id\":\"https:\/\/bottari.it\/de\/wie-man-lampen-auswaehlt\/\",\"url\":\"https:\/\/bottari.it\/de\/wie-man-lampen-auswaehlt\/\",\"name\":\"Anwendungstabellen f\u00fcr Auto-, Motorrad- und LKW-Lampen - Bottari.it\",\"isPartOf\":{\"@id\":\"https:\/\/bottari.it\/de\/#website\"},\"datePublished\":\"2023-01-19T11:17:25+00:00\",\"dateModified\":\"2023-01-19T11:20:15+00:00\",\"description\":\"Anwendungstabellen Auto-, Motorrad- und LKW-Lampen, damit Sie die richtige Lampe f\u00fcr Ihr Fahrzeug selbst ausw\u00e4hlen k\u00f6nnen.\",\"breadcrumb\":{\"@id\":\"https:\/\/bottari.it\/de\/wie-man-lampen-auswaehlt\/#breadcrumb\"},\"inLanguage\":\"de\",\"potentialAction\":[{\"@type\":\"ReadAction\",\"target\":[\"https:\/\/bottari.it\/de\/wie-man-lampen-auswaehlt\/\"]}]},{\"@type\":\"BreadcrumbList\",\"@id\":\"https:\/\/bottari.it\/de\/wie-man-lampen-auswaehlt\/#breadcrumb\",\"itemListElement\":[{\"@type\":\"ListItem\",\"position\":1,\"name\":\"Home\",\"item\":\"https:\/\/bottari.it\/de\/\"},{\"@type\":\"ListItem\",\"position\":2,\"name\":\"Wie man Lampen ausw\u00e4hlt\"}]},{\"@type\":\"WebSite\",\"@id\":\"https:\/\/bottari.it\/de\/#website\",\"url\":\"https:\/\/bottari.it\/de\/\",\"name\":\"Bottari.it\",\"description\":\"accessori per Auto, Moto, Bici, Veicoli commerciali e Camion\",\"publisher\":{\"@id\":\"https:\/\/bottari.it\/de\/#organization\"},\"potentialAction\":[{\"@type\":\"SearchAction\",\"target\":{\"@type\":\"EntryPoint\",\"urlTemplate\":\"https:\/\/bottari.it\/de\/?s={search_term_string}\"},\"query-input\":\"required name=search_term_string\"}],\"inLanguage\":\"de\"},{\"@type\":\"Organization\",\"@id\":\"https:\/\/bottari.it\/de\/#organization\",\"name\":\"BOTTARI S.p.a.\",\"url\":\"https:\/\/bottari.it\/de\/\",\"logo\":{\"@type\":\"ImageObject\",\"inLanguage\":\"de\",\"@id\":\"https:\/\/bottari.it\/de\/#\/schema\/logo\/image\/\",\"url\":\"https:\/\/bottari.it\/wp-content\/uploads\/2014\/03\/Logo-Bottari.png\",\"contentUrl\":\"https:\/\/bottari.it\/wp-content\/uploads\/2014\/03\/Logo-Bottari.png\",\"width\":1200,\"height\":1200,\"caption\":\"BOTTARI S.p.a.\"},\"image\":{\"@id\":\"https:\/\/bottari.it\/de\/#\/schema\/logo\/image\/\"},\"sameAs\":[\"https:\/\/www.instagram.com\/bottarispa\/\",\"https:\/\/www.linkedin.com\/company\/bottari-s.p.a.\",\"https:\/\/www.facebook.com\/bottarispa\"]}]}<\/script>\n<!-- \/ Yoast SEO plugin. -->","yoast_head_json":{"title":"Anwendungstabellen f\u00fcr Auto-, Motorrad- und LKW-Lampen - Bottari.it","description":"Anwendungstabellen Auto-, Motorrad- und LKW-Lampen, damit Sie die richtige Lampe f\u00fcr Ihr Fahrzeug selbst ausw\u00e4hlen k\u00f6nnen.","robots":{"index":"index","follow":"follow","max-snippet":"max-snippet:-1","max-image-preview":"max-image-preview:large","max-video-preview":"max-video-preview:-1"},"canonical":"https:\/\/bottari.it\/de\/wie-man-lampen-auswaehlt\/","og_locale":"de_DE","og_type":"article","og_title":"Anwendungstabellen f\u00fcr Auto-, Motorrad- und LKW-Lampen - Bottari.it","og_description":"Anwendungstabellen Auto-, Motorrad- und LKW-Lampen, damit Sie die richtige Lampe f\u00fcr Ihr Fahrzeug selbst ausw\u00e4hlen k\u00f6nnen.","og_url":"https:\/\/bottari.it\/de\/wie-man-lampen-auswaehlt\/","og_site_name":"Bottari.it","article_publisher":"https:\/\/www.facebook.com\/bottarispa","article_modified_time":"2023-01-19T11:20:15+00:00","og_image":[{"width":600,"height":169,"url":"https:\/\/bottari.it\/wp-content\/uploads\/2016\/07\/bottari_logo_retina.png","type":"image\/png"}],"schema":{"@context":"https:\/\/schema.org","@graph":[{"@type":"WebPage","@id":"https:\/\/bottari.it\/de\/wie-man-lampen-auswaehlt\/","url":"https:\/\/bottari.it\/de\/wie-man-lampen-auswaehlt\/","name":"Anwendungstabellen f\u00fcr Auto-, Motorrad- und LKW-Lampen - Bottari.it","isPartOf":{"@id":"https:\/\/bottari.it\/de\/#website"},"datePublished":"2023-01-19T11:17:25+00:00","dateModified":"2023-01-19T11:20:15+00:00","description":"Anwendungstabellen Auto-, Motorrad- und LKW-Lampen, damit Sie die richtige Lampe f\u00fcr Ihr Fahrzeug selbst ausw\u00e4hlen k\u00f6nnen.","breadcrumb":{"@id":"https:\/\/bottari.it\/de\/wie-man-lampen-auswaehlt\/#breadcrumb"},"inLanguage":"de","potentialAction":[{"@type":"ReadAction","target":["https:\/\/bottari.it\/de\/wie-man-lampen-auswaehlt\/"]}]},{"@type":"BreadcrumbList","@id":"https:\/\/bottari.it\/de\/wie-man-lampen-auswaehlt\/#breadcrumb","itemListElement":[{"@type":"ListItem","position":1,"name":"Home","item":"https:\/\/bottari.it\/de\/"},{"@type":"ListItem","position":2,"name":"Wie man Lampen ausw\u00e4hlt"}]},{"@type":"WebSite","@id":"https:\/\/bottari.it\/de\/#website","url":"https:\/\/bottari.it\/de\/","name":"Bottari.it","description":"accessori per Auto, Moto, Bici, Veicoli commerciali e Camion","publisher":{"@id":"https:\/\/bottari.it\/de\/#organization"},"potentialAction":[{"@type":"SearchAction","target":{"@type":"EntryPoint","urlTemplate":"https:\/\/bottari.it\/de\/?s={search_term_string}"},"query-input":"required name=search_term_string"}],"inLanguage":"de"},{"@type":"Organization","@id":"https:\/\/bottari.it\/de\/#organization","name":"BOTTARI S.p.a.","url":"https:\/\/bottari.it\/de\/","logo":{"@type":"ImageObject","inLanguage":"de","@id":"https:\/\/bottari.it\/de\/#\/schema\/logo\/image\/","url":"https:\/\/bottari.it\/wp-content\/uploads\/2014\/03\/Logo-Bottari.png","contentUrl":"https:\/\/bottari.it\/wp-content\/uploads\/2014\/03\/Logo-Bottari.png","width":1200,"height":1200,"caption":"BOTTARI S.p.a."},"image":{"@id":"https:\/\/bottari.it\/de\/#\/schema\/logo\/image\/"},"sameAs":["https:\/\/www.instagram.com\/bottarispa\/","https:\/\/www.linkedin.com\/company\/bottari-s.p.a.","https:\/\/www.facebook.com\/bottarispa"]}]}},"_links":{"self":[{"href":"https:\/\/bottari.it\/de\/wp-json\/wp\/v2\/pages\/29249"}],"collection":[{"href":"https:\/\/bottari.it\/de\/wp-json\/wp\/v2\/pages"}],"about":[{"href":"https:\/\/bottari.it\/de\/wp-json\/wp\/v2\/types\/page"}],"author":[{"embeddable":true,"href":"https:\/\/bottari.it\/de\/wp-json\/wp\/v2\/users\/2"}],"replies":[{"embeddable":true,"href":"https:\/\/bottari.it\/de\/wp-json\/wp\/v2\/comments?post=29249"}],"version-history":[{"count":2,"href":"https:\/\/bottari.it\/de\/wp-json\/wp\/v2\/pages\/29249\/revisions"}],"predecessor-version":[{"id":29269,"href":"https:\/\/bottari.it\/de\/wp-json\/wp\/v2\/pages\/29249\/revisions\/29269"}],"wp:attachment":[{"href":"https:\/\/bottari.it\/de\/wp-json\/wp\/v2\/media?parent=29249"}],"curies":[{"name":"wp","href":"https:\/\/api.w.org\/{rel}","templated":true}]}}