{"id":29246,"date":"2023-01-19T12:17:25","date_gmt":"2023-01-19T11:17:25","guid":{"rendered":"https:\/\/bottari.it\/wie-man-schneesocken-auswaehlt\/"},"modified":"2023-01-19T12:20:16","modified_gmt":"2023-01-19T11:20:16","slug":"wie-man-schneesocken-auswaehlt","status":"publish","type":"page","link":"https:\/\/bottari.it\/de\/wie-man-schneesocken-auswaehlt\/","title":{"rendered":"Wie man Schneesocken ausw\u00e4hlt"},"content":{"rendered":"<p>[vc_row][vc_column width=&#8220;1\/1&#8243;]<h2 class=\"headline font-inherit fontsize-xl fontweight-500 lh-inherit align-center transform-inherit \" style=\"margin: 0 0 20px 0;\">Anwendungstabellen der von Bottari Spa gelieferten Schneesocken.<\/h2>[\/vc_column][\/vc_row][vc_row][vc_column column_center=&#8220;true&#8220; width=&#8220;1\/3&#8243;][vc_column_text]<\/p>\n<p style=\"text-align: justify;\">Die Schneesocken-Anwendungstabellen helfen Ihnen bei der Auswahl des richtigen Modells f\u00fcr Ihr Fahrzeug. Genau das richtige Modell f\u00fcr Ihren Reifen. Bottari Snow Socks k\u00f6nnen auf jeden Reifentyp montiert werden, Sie m\u00fcssen nur die passende Gr\u00f6\u00dfe w\u00e4hlen. Dabei helfen uns Anwendungstabellen, in denen die verschiedenen Gr\u00f6\u00dfen und Details der Reifen, auf die sie montiert werden k\u00f6nnen, aufgef\u00fchrt sind.<\/p>\n<p>[\/vc_column_text][vc_column_text]<\/p>\n<p style=\"text-align: justify;\">Die Tabellen zeigen in der Kopfzeile den Felgeninnendurchmesser des Reifens, w\u00e4hrend die Zeilen darunter alle Kombinationen von Breite, H\u00f6he, Felge und Durchmesser Ihres Reifens angeben. Um Ihren Reifen richtig abzulesen, lesen Sie den Leitfaden<a href=\"https:\/\/bottari.it\/de\/?page_id=29133\">&#8222;Reifen<\/a>&#8222;.<\/p>\n<p>[\/vc_column_text]<div class=\"spacer\" style=\"height: 20px;\"><\/div><a href=\"https:\/\/www.bottarishop.it\/it\/content\/19-tabelle-applicative-calze-da-neve\" target=\"_blank\" class=\"button color-3 medium \" style=\"border-radius: 2px;\">Consulta la Tabelle applicative calze da neve<\/a>[\/vc_column][vc_column width=&#8220;2\/3&#8243;]<div class=\"single_image wpb_content_element align-right  animate   \" data-animation=\"fade-in-from-right\" data-delay=\"0\"><\/div>[\/vc_column][\/vc_row]<\/p>\n","protected":false},"excerpt":{"rendered":"<p>[vc_row][vc_column width=&#8220;1\/1&#8243;][\/vc_column][\/vc_row][vc_row][vc_column column_center=&#8220;true&#8220; width=&#8220;1\/3&#8243;][vc_column_text] Die Schneesocken-Anwendungstabellen helfen Ihnen bei der Auswahl des richtigen Modells f\u00fcr Ihr Fahrzeug. Genau das richtige Modell f\u00fcr Ihren Reifen. Bottari Snow Socks k\u00f6nnen auf jeden Reifentyp montiert werden, Sie m\u00fcssen [&hellip;]<\/p>\n","protected":false},"author":2,"featured_media":0,"parent":0,"menu_order":110,"comment_status":"closed","ping_status":"closed","template":"","meta":[],"yoast_head":"<!-- This site is optimized with the Yoast SEO plugin v19.9 - https:\/\/yoast.com\/wordpress\/plugins\/seo\/ -->\n<title>Anwendungstabellen Schneesocken, Schneesocken - Bottari.de<\/title>\n<meta name=\"description\" content=\"Schneesocken-Anwendungstabellen, um die richtige Socke f\u00fcr Ihr Fahrzeug selbst\u00e4ndig ausw\u00e4hlen zu k\u00f6nnen.\" \/>\n<meta name=\"robots\" content=\"index, follow, max-snippet:-1, max-image-preview:large, max-video-preview:-1\" \/>\n<link rel=\"canonical\" href=\"https:\/\/bottari.it\/de\/wie-man-schneesocken-auswaehlt\/\" \/>\n<meta property=\"og:locale\" content=\"de_DE\" \/>\n<meta property=\"og:type\" content=\"article\" \/>\n<meta property=\"og:title\" content=\"Anwendungstabellen Schneesocken, Schneesocken - Bottari.de\" \/>\n<meta property=\"og:description\" content=\"Schneesocken-Anwendungstabellen, um die richtige Socke f\u00fcr Ihr Fahrzeug selbst\u00e4ndig ausw\u00e4hlen zu k\u00f6nnen.\" \/>\n<meta property=\"og:url\" content=\"https:\/\/bottari.it\/de\/wie-man-schneesocken-auswaehlt\/\" \/>\n<meta property=\"og:site_name\" content=\"Bottari.it\" \/>\n<meta property=\"article:publisher\" content=\"https:\/\/www.facebook.com\/bottarispa\" \/>\n<meta property=\"article:modified_time\" content=\"2023-01-19T11:20:16+00:00\" \/>\n<meta property=\"og:image\" content=\"https:\/\/bottari.it\/wp-content\/uploads\/2016\/07\/bottari_logo_retina.png\" \/>\n\t<meta property=\"og:image:width\" content=\"600\" \/>\n\t<meta property=\"og:image:height\" content=\"169\" \/>\n\t<meta property=\"og:image:type\" content=\"image\/png\" \/>\n<meta name=\"twitter:label1\" content=\"Gesch\u00e4tzte Lesezeit\" \/>\n\t<meta name=\"twitter:data1\" content=\"1\u00a0Minute\" \/>\n<script type=\"application\/ld+json\" class=\"yoast-schema-graph\">{\"@context\":\"https:\/\/schema.org\",\"@graph\":[{\"@type\":\"WebPage\",\"@id\":\"https:\/\/bottari.it\/de\/wie-man-schneesocken-auswaehlt\/\",\"url\":\"https:\/\/bottari.it\/de\/wie-man-schneesocken-auswaehlt\/\",\"name\":\"Anwendungstabellen Schneesocken, Schneesocken - Bottari.de\",\"isPartOf\":{\"@id\":\"https:\/\/bottari.it\/de\/#website\"},\"datePublished\":\"2023-01-19T11:17:25+00:00\",\"dateModified\":\"2023-01-19T11:20:16+00:00\",\"description\":\"Schneesocken-Anwendungstabellen, um die richtige Socke f\u00fcr Ihr Fahrzeug selbst\u00e4ndig ausw\u00e4hlen zu k\u00f6nnen.\",\"breadcrumb\":{\"@id\":\"https:\/\/bottari.it\/de\/wie-man-schneesocken-auswaehlt\/#breadcrumb\"},\"inLanguage\":\"de\",\"potentialAction\":[{\"@type\":\"ReadAction\",\"target\":[\"https:\/\/bottari.it\/de\/wie-man-schneesocken-auswaehlt\/\"]}]},{\"@type\":\"BreadcrumbList\",\"@id\":\"https:\/\/bottari.it\/de\/wie-man-schneesocken-auswaehlt\/#breadcrumb\",\"itemListElement\":[{\"@type\":\"ListItem\",\"position\":1,\"name\":\"Home\",\"item\":\"https:\/\/bottari.it\/de\/\"},{\"@type\":\"ListItem\",\"position\":2,\"name\":\"Wie man Schneesocken ausw\u00e4hlt\"}]},{\"@type\":\"WebSite\",\"@id\":\"https:\/\/bottari.it\/de\/#website\",\"url\":\"https:\/\/bottari.it\/de\/\",\"name\":\"Bottari.it\",\"description\":\"accessori per Auto, Moto, Bici, Veicoli commerciali e Camion\",\"publisher\":{\"@id\":\"https:\/\/bottari.it\/de\/#organization\"},\"potentialAction\":[{\"@type\":\"SearchAction\",\"target\":{\"@type\":\"EntryPoint\",\"urlTemplate\":\"https:\/\/bottari.it\/de\/?s={search_term_string}\"},\"query-input\":\"required name=search_term_string\"}],\"inLanguage\":\"de\"},{\"@type\":\"Organization\",\"@id\":\"https:\/\/bottari.it\/de\/#organization\",\"name\":\"BOTTARI S.p.a.\",\"url\":\"https:\/\/bottari.it\/de\/\",\"logo\":{\"@type\":\"ImageObject\",\"inLanguage\":\"de\",\"@id\":\"https:\/\/bottari.it\/de\/#\/schema\/logo\/image\/\",\"url\":\"https:\/\/bottari.it\/wp-content\/uploads\/2014\/03\/Logo-Bottari.png\",\"contentUrl\":\"https:\/\/bottari.it\/wp-content\/uploads\/2014\/03\/Logo-Bottari.png\",\"width\":1200,\"height\":1200,\"caption\":\"BOTTARI S.p.a.\"},\"image\":{\"@id\":\"https:\/\/bottari.it\/de\/#\/schema\/logo\/image\/\"},\"sameAs\":[\"https:\/\/www.instagram.com\/bottarispa\/\",\"https:\/\/www.linkedin.com\/company\/bottari-s.p.a.\",\"https:\/\/www.facebook.com\/bottarispa\"]}]}<\/script>\n<!-- \/ Yoast SEO plugin. -->","yoast_head_json":{"title":"Anwendungstabellen Schneesocken, Schneesocken - Bottari.de","description":"Schneesocken-Anwendungstabellen, um die richtige Socke f\u00fcr Ihr Fahrzeug selbst\u00e4ndig ausw\u00e4hlen zu k\u00f6nnen.","robots":{"index":"index","follow":"follow","max-snippet":"max-snippet:-1","max-image-preview":"max-image-preview:large","max-video-preview":"max-video-preview:-1"},"canonical":"https:\/\/bottari.it\/de\/wie-man-schneesocken-auswaehlt\/","og_locale":"de_DE","og_type":"article","og_title":"Anwendungstabellen Schneesocken, Schneesocken - Bottari.de","og_description":"Schneesocken-Anwendungstabellen, um die richtige Socke f\u00fcr Ihr Fahrzeug selbst\u00e4ndig ausw\u00e4hlen zu k\u00f6nnen.","og_url":"https:\/\/bottari.it\/de\/wie-man-schneesocken-auswaehlt\/","og_site_name":"Bottari.it","article_publisher":"https:\/\/www.facebook.com\/bottarispa","article_modified_time":"2023-01-19T11:20:16+00:00","og_image":[{"width":600,"height":169,"url":"https:\/\/bottari.it\/wp-content\/uploads\/2016\/07\/bottari_logo_retina.png","type":"image\/png"}],"twitter_misc":{"Gesch\u00e4tzte Lesezeit":"1\u00a0Minute"},"schema":{"@context":"https:\/\/schema.org","@graph":[{"@type":"WebPage","@id":"https:\/\/bottari.it\/de\/wie-man-schneesocken-auswaehlt\/","url":"https:\/\/bottari.it\/de\/wie-man-schneesocken-auswaehlt\/","name":"Anwendungstabellen Schneesocken, Schneesocken - Bottari.de","isPartOf":{"@id":"https:\/\/bottari.it\/de\/#website"},"datePublished":"2023-01-19T11:17:25+00:00","dateModified":"2023-01-19T11:20:16+00:00","description":"Schneesocken-Anwendungstabellen, um die richtige Socke f\u00fcr Ihr Fahrzeug selbst\u00e4ndig ausw\u00e4hlen zu k\u00f6nnen.","breadcrumb":{"@id":"https:\/\/bottari.it\/de\/wie-man-schneesocken-auswaehlt\/#breadcrumb"},"inLanguage":"de","potentialAction":[{"@type":"ReadAction","target":["https:\/\/bottari.it\/de\/wie-man-schneesocken-auswaehlt\/"]}]},{"@type":"BreadcrumbList","@id":"https:\/\/bottari.it\/de\/wie-man-schneesocken-auswaehlt\/#breadcrumb","itemListElement":[{"@type":"ListItem","position":1,"name":"Home","item":"https:\/\/bottari.it\/de\/"},{"@type":"ListItem","position":2,"name":"Wie man Schneesocken ausw\u00e4hlt"}]},{"@type":"WebSite","@id":"https:\/\/bottari.it\/de\/#website","url":"https:\/\/bottari.it\/de\/","name":"Bottari.it","description":"accessori per Auto, Moto, Bici, Veicoli commerciali e Camion","publisher":{"@id":"https:\/\/bottari.it\/de\/#organization"},"potentialAction":[{"@type":"SearchAction","target":{"@type":"EntryPoint","urlTemplate":"https:\/\/bottari.it\/de\/?s={search_term_string}"},"query-input":"required name=search_term_string"}],"inLanguage":"de"},{"@type":"Organization","@id":"https:\/\/bottari.it\/de\/#organization","name":"BOTTARI S.p.a.","url":"https:\/\/bottari.it\/de\/","logo":{"@type":"ImageObject","inLanguage":"de","@id":"https:\/\/bottari.it\/de\/#\/schema\/logo\/image\/","url":"https:\/\/bottari.it\/wp-content\/uploads\/2014\/03\/Logo-Bottari.png","contentUrl":"https:\/\/bottari.it\/wp-content\/uploads\/2014\/03\/Logo-Bottari.png","width":1200,"height":1200,"caption":"BOTTARI S.p.a."},"image":{"@id":"https:\/\/bottari.it\/de\/#\/schema\/logo\/image\/"},"sameAs":["https:\/\/www.instagram.com\/bottarispa\/","https:\/\/www.linkedin.com\/company\/bottari-s.p.a.","https:\/\/www.facebook.com\/bottarispa"]}]}},"_links":{"self":[{"href":"https:\/\/bottari.it\/de\/wp-json\/wp\/v2\/pages\/29246"}],"collection":[{"href":"https:\/\/bottari.it\/de\/wp-json\/wp\/v2\/pages"}],"about":[{"href":"https:\/\/bottari.it\/de\/wp-json\/wp\/v2\/types\/page"}],"author":[{"embeddable":true,"href":"https:\/\/bottari.it\/de\/wp-json\/wp\/v2\/users\/2"}],"replies":[{"embeddable":true,"href":"https:\/\/bottari.it\/de\/wp-json\/wp\/v2\/comments?post=29246"}],"version-history":[{"count":2,"href":"https:\/\/bottari.it\/de\/wp-json\/wp\/v2\/pages\/29246\/revisions"}],"predecessor-version":[{"id":29271,"href":"https:\/\/bottari.it\/de\/wp-json\/wp\/v2\/pages\/29246\/revisions\/29271"}],"wp:attachment":[{"href":"https:\/\/bottari.it\/de\/wp-json\/wp\/v2\/media?parent=29246"}],"curies":[{"name":"wp","href":"https:\/\/api.w.org\/{rel}","templated":true}]}}