{"id":29192,"date":"2023-01-19T12:17:20","date_gmt":"2023-01-19T11:17:20","guid":{"rendered":"https:\/\/bottari.it\/vertriebspartner-einzelhaendler-werden\/"},"modified":"2023-01-19T12:20:17","modified_gmt":"2023-01-19T11:20:17","slug":"vertriebspartner-einzelhaendler-werden","status":"publish","type":"page","link":"https:\/\/bottari.it\/de\/vertriebspartner-einzelhaendler-werden\/","title":{"rendered":"Vertriebspartner\/Einzelh\u00e4ndler werden"},"content":{"rendered":"<p>[vc_row][vc_column width=&#8220;1\/1&#8243;][vc_column_text]<\/p>\n<h1>Werden Sie Distributor\/Wiederverk\u00e4ufer von Bottari: stellen Sie endlich Ihre Kunden zufrieden.<\/h1>\n<p style=\"text-align: justify;\">Bottari S.p.a. ist ein kompetentes Unternehmen mit einem jungen, dynamischen und st\u00e4ndig wachsenden Geist. Wenn Sie daran interessiert sind, die Bed\u00fcrfnisse Ihrer Kunden mit Bottari-Produkten zu erf\u00fcllen, kontaktieren Sie uns jetzt. Unser Verkaufsleiter wird sich direkt mit Ihnen in Verbindung setzen, um gemeinsam eine solide und dauerhafte Partnerschaft zu bewerten.<\/p>\n<p>[\/vc_column_text]<div class=\"spacer\" style=\"height: 40px;\"><\/div>[\/vc_column][\/vc_row][vc_row][vc_column width=&#8220;2\/3&#8243;]<div role=\"form\" class=\"wpcf7\" id=\"wpcf7-f18717-o1\" lang=\"en-US\" dir=\"ltr\">\n<div class=\"screen-reader-response\"><p role=\"status\" aria-live=\"polite\" aria-atomic=\"true\"><\/p> <ul><\/ul><\/div>\n<form action=\"\/de\/wp-json\/wp\/v2\/pages\/29192#wpcf7-f18717-o1\" method=\"post\" class=\"wpcf7-form init\" enctype=\"multipart\/form-data\" novalidate=\"novalidate\" data-status=\"init\">\n<div style=\"display: none;\">\n<input type=\"hidden\" name=\"_wpcf7\" value=\"18717\" \/>\n<input type=\"hidden\" name=\"_wpcf7_version\" value=\"5.6.4\" \/>\n<input type=\"hidden\" name=\"_wpcf7_locale\" value=\"en_US\" \/>\n<input type=\"hidden\" name=\"_wpcf7_unit_tag\" value=\"wpcf7-f18717-o1\" \/>\n<input type=\"hidden\" name=\"_wpcf7_container_post\" value=\"0\" \/>\n<input type=\"hidden\" name=\"_wpcf7_posted_data_hash\" value=\"\" \/>\n<\/div>\n<p>Referente (obbligatorio)<br \/>\n    <span class=\"wpcf7-form-control-wrap\" data-name=\"your-name\"><input type=\"text\" name=\"your-name\" value=\"\" size=\"40\" class=\"wpcf7-form-control wpcf7-text wpcf7-validates-as-required\" aria-required=\"true\" aria-invalid=\"false\" \/><\/span> <\/p>\n<p>Ragione Sociale (obbligatorio)<br \/>\n    <span class=\"wpcf7-form-control-wrap\" data-name=\"your-RegSoc\"><input type=\"text\" name=\"your-RegSoc\" value=\"\" size=\"40\" class=\"wpcf7-form-control wpcf7-text wpcf7-validates-as-required\" aria-required=\"true\" aria-invalid=\"false\" \/><\/span> <\/p>\n<p>P.IVA (obbligatorio)<br \/>\n  <span class=\"wpcf7-form-control-wrap\" data-name=\"piva\"><input type=\"text\" name=\"piva\" value=\"\" size=\"40\" class=\"wpcf7-form-control wpcf7-text wpcf7-validates-as-required\" aria-required=\"true\" aria-invalid=\"false\" \/><\/span>  <\/p>\n<p>E-Mail (obbligatorio)<br \/>\n    <span class=\"wpcf7-form-control-wrap\" data-name=\"your-email\"><input type=\"email\" name=\"your-email\" value=\"\" size=\"40\" class=\"wpcf7-form-control wpcf7-text wpcf7-email wpcf7-validates-as-required wpcf7-validates-as-email\" aria-required=\"true\" aria-invalid=\"false\" \/><\/span> <\/p>\n<p><span id=\"wpcf7-69f60fc0b6337-wrapper\" class=\"wpcf7-form-control-wrap websiteemail-wrap\" style=\"display:none !important; visibility:hidden !important;\"><label for=\"wpcf7-69f60fc0b6337-field\" class=\"hp-message\">Bitte lasse dieses Feld leer.<\/label><input id=\"wpcf7-69f60fc0b6337-field\"  class=\"wpcf7-form-control wpcf7-text\" type=\"text\" name=\"websiteemail\" value=\"\" size=\"40\" tabindex=\"-1\" autocomplete=\"new-password\" \/><\/span><\/p>\n<p>Tel. (obbligatorio)<br \/>\n    <span class=\"wpcf7-form-control-wrap\" data-name=\"tel-634\"><input type=\"tel\" name=\"tel-634\" value=\"\" size=\"40\" class=\"wpcf7-form-control wpcf7-text wpcf7-tel wpcf7-validates-as-required wpcf7-validates-as-tel\" aria-required=\"true\" aria-invalid=\"false\" \/><\/span> <\/p>\n<p>Messaggio<br \/>\n    <span class=\"wpcf7-form-control-wrap\" data-name=\"your-message\"><textarea name=\"your-message\" cols=\"40\" rows=\"10\" class=\"wpcf7-form-control wpcf7-textarea\" aria-invalid=\"false\"><\/textarea><\/span> <\/p>\n<p>Presentazione Aziendale (PDF)<br \/>\n    <span class=\"wpcf7-form-control-wrap\" data-name=\"your-file\"><input type=\"file\" name=\"your-file\" size=\"40\" class=\"wpcf7-form-control wpcf7-file\" accept=\".pdf,.txt\" aria-invalid=\"false\" \/><\/span>\n <\/p>\n<p><input type=\"submit\" value=\"Invia\" class=\"wpcf7-form-control has-spinner wpcf7-submit\" \/><\/p>\n<div class=\"wpcf7-response-output\" aria-hidden=\"true\"><\/div><\/form><\/div>[vc_column_text][\/vc_column_text][\/vc_column][vc_column width=&#8220;1\/3&#8243;]<div class=\"single_image wpb_content_element align-left    \" data-animation=\"none\" data-delay=\"0\"><\/div>[\/vc_column][\/vc_row]<\/p>\n","protected":false},"excerpt":{"rendered":"<p>[vc_row][vc_column width=&#8220;1\/1&#8243;][vc_column_text] Werden Sie Distributor\/Wiederverk\u00e4ufer von Bottari: stellen Sie endlich Ihre Kunden zufrieden. Bottari S.p.a. ist ein kompetentes Unternehmen mit einem jungen, dynamischen und st\u00e4ndig wachsenden Geist. Wenn Sie daran interessiert sind, die Bed\u00fcrfnisse Ihrer [&hellip;]<\/p>\n","protected":false},"author":2,"featured_media":0,"parent":0,"menu_order":80,"comment_status":"closed","ping_status":"closed","template":"","meta":[],"yoast_head":"<!-- This site is optimized with the Yoast SEO plugin v19.9 - https:\/\/yoast.com\/wordpress\/plugins\/seo\/ -->\n<title>Werden Sie autorisierter Vertriebspartner f\u00fcr Bottari Spa Produkte in Italien und Europa<\/title>\n<meta name=\"description\" content=\"Seite f\u00fcr die Kontaktaufnahme mit dem Verkaufsleiter von Bottari Spa. Sie haben die M\u00f6glichkeit, Vertragsh\u00e4ndler zu werden.\" \/>\n<meta name=\"robots\" content=\"index, follow, max-snippet:-1, max-image-preview:large, max-video-preview:-1\" \/>\n<link rel=\"canonical\" href=\"https:\/\/bottari.it\/de\/vertriebspartner-einzelhaendler-werden\/\" \/>\n<meta property=\"og:locale\" content=\"de_DE\" \/>\n<meta property=\"og:type\" content=\"article\" \/>\n<meta property=\"og:title\" content=\"Werden Sie autorisierter Vertriebspartner f\u00fcr Bottari Spa Produkte in Italien und Europa\" \/>\n<meta property=\"og:description\" content=\"Seite f\u00fcr die Kontaktaufnahme mit dem Verkaufsleiter von Bottari Spa. Sie haben die M\u00f6glichkeit, Vertragsh\u00e4ndler zu werden.\" \/>\n<meta property=\"og:url\" content=\"https:\/\/bottari.it\/de\/vertriebspartner-einzelhaendler-werden\/\" \/>\n<meta property=\"og:site_name\" content=\"Bottari.it\" \/>\n<meta property=\"article:publisher\" content=\"https:\/\/www.facebook.com\/bottarispa\" \/>\n<meta property=\"article:modified_time\" content=\"2023-01-19T11:20:17+00:00\" \/>\n<meta property=\"og:image\" content=\"https:\/\/bottari.it\/wp-content\/uploads\/2016\/07\/bottari_logo_retina.png\" \/>\n\t<meta property=\"og:image:width\" content=\"600\" \/>\n\t<meta property=\"og:image:height\" content=\"169\" \/>\n\t<meta property=\"og:image:type\" content=\"image\/png\" \/>\n<meta name=\"twitter:label1\" content=\"Gesch\u00e4tzte Lesezeit\" \/>\n\t<meta name=\"twitter:data1\" content=\"1\u00a0Minute\" \/>\n<script type=\"application\/ld+json\" class=\"yoast-schema-graph\">{\"@context\":\"https:\/\/schema.org\",\"@graph\":[{\"@type\":\"WebPage\",\"@id\":\"https:\/\/bottari.it\/de\/vertriebspartner-einzelhaendler-werden\/\",\"url\":\"https:\/\/bottari.it\/de\/vertriebspartner-einzelhaendler-werden\/\",\"name\":\"Werden Sie autorisierter Vertriebspartner f\u00fcr Bottari Spa Produkte in Italien und Europa\",\"isPartOf\":{\"@id\":\"https:\/\/bottari.it\/de\/#website\"},\"datePublished\":\"2023-01-19T11:17:20+00:00\",\"dateModified\":\"2023-01-19T11:20:17+00:00\",\"description\":\"Seite f\u00fcr die Kontaktaufnahme mit dem Verkaufsleiter von Bottari Spa. Sie haben die M\u00f6glichkeit, Vertragsh\u00e4ndler zu werden.\",\"breadcrumb\":{\"@id\":\"https:\/\/bottari.it\/de\/vertriebspartner-einzelhaendler-werden\/#breadcrumb\"},\"inLanguage\":\"de\",\"potentialAction\":[{\"@type\":\"ReadAction\",\"target\":[\"https:\/\/bottari.it\/de\/vertriebspartner-einzelhaendler-werden\/\"]}]},{\"@type\":\"BreadcrumbList\",\"@id\":\"https:\/\/bottari.it\/de\/vertriebspartner-einzelhaendler-werden\/#breadcrumb\",\"itemListElement\":[{\"@type\":\"ListItem\",\"position\":1,\"name\":\"Home\",\"item\":\"https:\/\/bottari.it\/de\/\"},{\"@type\":\"ListItem\",\"position\":2,\"name\":\"Vertriebspartner\/Einzelh\u00e4ndler werden\"}]},{\"@type\":\"WebSite\",\"@id\":\"https:\/\/bottari.it\/de\/#website\",\"url\":\"https:\/\/bottari.it\/de\/\",\"name\":\"Bottari.it\",\"description\":\"accessori per Auto, Moto, Bici, Veicoli commerciali e Camion\",\"publisher\":{\"@id\":\"https:\/\/bottari.it\/de\/#organization\"},\"potentialAction\":[{\"@type\":\"SearchAction\",\"target\":{\"@type\":\"EntryPoint\",\"urlTemplate\":\"https:\/\/bottari.it\/de\/?s={search_term_string}\"},\"query-input\":\"required name=search_term_string\"}],\"inLanguage\":\"de\"},{\"@type\":\"Organization\",\"@id\":\"https:\/\/bottari.it\/de\/#organization\",\"name\":\"BOTTARI S.p.a.\",\"url\":\"https:\/\/bottari.it\/de\/\",\"logo\":{\"@type\":\"ImageObject\",\"inLanguage\":\"de\",\"@id\":\"https:\/\/bottari.it\/de\/#\/schema\/logo\/image\/\",\"url\":\"https:\/\/bottari.it\/wp-content\/uploads\/2014\/03\/Logo-Bottari.png\",\"contentUrl\":\"https:\/\/bottari.it\/wp-content\/uploads\/2014\/03\/Logo-Bottari.png\",\"width\":1200,\"height\":1200,\"caption\":\"BOTTARI S.p.a.\"},\"image\":{\"@id\":\"https:\/\/bottari.it\/de\/#\/schema\/logo\/image\/\"},\"sameAs\":[\"https:\/\/www.instagram.com\/bottarispa\/\",\"https:\/\/www.linkedin.com\/company\/bottari-s.p.a.\",\"https:\/\/www.facebook.com\/bottarispa\"]}]}<\/script>\n<!-- \/ Yoast SEO plugin. -->","yoast_head_json":{"title":"Werden Sie autorisierter Vertriebspartner f\u00fcr Bottari Spa Produkte in Italien und Europa","description":"Seite f\u00fcr die Kontaktaufnahme mit dem Verkaufsleiter von Bottari Spa. Sie haben die M\u00f6glichkeit, Vertragsh\u00e4ndler zu werden.","robots":{"index":"index","follow":"follow","max-snippet":"max-snippet:-1","max-image-preview":"max-image-preview:large","max-video-preview":"max-video-preview:-1"},"canonical":"https:\/\/bottari.it\/de\/vertriebspartner-einzelhaendler-werden\/","og_locale":"de_DE","og_type":"article","og_title":"Werden Sie autorisierter Vertriebspartner f\u00fcr Bottari Spa Produkte in Italien und Europa","og_description":"Seite f\u00fcr die Kontaktaufnahme mit dem Verkaufsleiter von Bottari Spa. Sie haben die M\u00f6glichkeit, Vertragsh\u00e4ndler zu werden.","og_url":"https:\/\/bottari.it\/de\/vertriebspartner-einzelhaendler-werden\/","og_site_name":"Bottari.it","article_publisher":"https:\/\/www.facebook.com\/bottarispa","article_modified_time":"2023-01-19T11:20:17+00:00","og_image":[{"width":600,"height":169,"url":"https:\/\/bottari.it\/wp-content\/uploads\/2016\/07\/bottari_logo_retina.png","type":"image\/png"}],"twitter_misc":{"Gesch\u00e4tzte Lesezeit":"1\u00a0Minute"},"schema":{"@context":"https:\/\/schema.org","@graph":[{"@type":"WebPage","@id":"https:\/\/bottari.it\/de\/vertriebspartner-einzelhaendler-werden\/","url":"https:\/\/bottari.it\/de\/vertriebspartner-einzelhaendler-werden\/","name":"Werden Sie autorisierter Vertriebspartner f\u00fcr Bottari Spa Produkte in Italien und Europa","isPartOf":{"@id":"https:\/\/bottari.it\/de\/#website"},"datePublished":"2023-01-19T11:17:20+00:00","dateModified":"2023-01-19T11:20:17+00:00","description":"Seite f\u00fcr die Kontaktaufnahme mit dem Verkaufsleiter von Bottari Spa. Sie haben die M\u00f6glichkeit, Vertragsh\u00e4ndler zu werden.","breadcrumb":{"@id":"https:\/\/bottari.it\/de\/vertriebspartner-einzelhaendler-werden\/#breadcrumb"},"inLanguage":"de","potentialAction":[{"@type":"ReadAction","target":["https:\/\/bottari.it\/de\/vertriebspartner-einzelhaendler-werden\/"]}]},{"@type":"BreadcrumbList","@id":"https:\/\/bottari.it\/de\/vertriebspartner-einzelhaendler-werden\/#breadcrumb","itemListElement":[{"@type":"ListItem","position":1,"name":"Home","item":"https:\/\/bottari.it\/de\/"},{"@type":"ListItem","position":2,"name":"Vertriebspartner\/Einzelh\u00e4ndler werden"}]},{"@type":"WebSite","@id":"https:\/\/bottari.it\/de\/#website","url":"https:\/\/bottari.it\/de\/","name":"Bottari.it","description":"accessori per Auto, Moto, Bici, Veicoli commerciali e Camion","publisher":{"@id":"https:\/\/bottari.it\/de\/#organization"},"potentialAction":[{"@type":"SearchAction","target":{"@type":"EntryPoint","urlTemplate":"https:\/\/bottari.it\/de\/?s={search_term_string}"},"query-input":"required name=search_term_string"}],"inLanguage":"de"},{"@type":"Organization","@id":"https:\/\/bottari.it\/de\/#organization","name":"BOTTARI S.p.a.","url":"https:\/\/bottari.it\/de\/","logo":{"@type":"ImageObject","inLanguage":"de","@id":"https:\/\/bottari.it\/de\/#\/schema\/logo\/image\/","url":"https:\/\/bottari.it\/wp-content\/uploads\/2014\/03\/Logo-Bottari.png","contentUrl":"https:\/\/bottari.it\/wp-content\/uploads\/2014\/03\/Logo-Bottari.png","width":1200,"height":1200,"caption":"BOTTARI S.p.a."},"image":{"@id":"https:\/\/bottari.it\/de\/#\/schema\/logo\/image\/"},"sameAs":["https:\/\/www.instagram.com\/bottarispa\/","https:\/\/www.linkedin.com\/company\/bottari-s.p.a.","https:\/\/www.facebook.com\/bottarispa"]}]}},"_links":{"self":[{"href":"https:\/\/bottari.it\/de\/wp-json\/wp\/v2\/pages\/29192"}],"collection":[{"href":"https:\/\/bottari.it\/de\/wp-json\/wp\/v2\/pages"}],"about":[{"href":"https:\/\/bottari.it\/de\/wp-json\/wp\/v2\/types\/page"}],"author":[{"embeddable":true,"href":"https:\/\/bottari.it\/de\/wp-json\/wp\/v2\/users\/2"}],"replies":[{"embeddable":true,"href":"https:\/\/bottari.it\/de\/wp-json\/wp\/v2\/comments?post=29192"}],"version-history":[{"count":2,"href":"https:\/\/bottari.it\/de\/wp-json\/wp\/v2\/pages\/29192\/revisions"}],"predecessor-version":[{"id":29218,"href":"https:\/\/bottari.it\/de\/wp-json\/wp\/v2\/pages\/29192\/revisions\/29218"}],"wp:attachment":[{"href":"https:\/\/bottari.it\/de\/wp-json\/wp\/v2\/media?parent=29192"}],"curies":[{"name":"wp","href":"https:\/\/api.w.org\/{rel}","templated":true}]}}