{"id":29171,"date":"2023-01-19T12:17:17","date_gmt":"2023-01-19T11:17:17","guid":{"rendered":"https:\/\/bottari.it\/ueber-uns\/"},"modified":"2023-02-01T14:08:12","modified_gmt":"2023-02-01T13:08:12","slug":"ueber-uns","status":"publish","type":"page","link":"https:\/\/bottari.it\/de\/ueber-uns\/","title":{"rendered":"\u00dcber uns"},"content":{"rendered":"<p>[vc_row bg_image=&#8220;26229&#8243; parallax_bg=&#8220;true&#8220; bg_color=&#8220;rgba(0,0,0,0.68)&#8220; top_padding=&#8220;50&#8243; bottom_padding=&#8220;50&#8243; class=&#8220;column-slidechisiamo&#8220;][vc_column column_center=&#8220;true&#8220; width=&#8220;1\/1&#8243;]<div class=\"spacer\" style=\"height: 500px;\"><\/div>[\/vc_column][\/vc_row][vc_row top_padding=&#8220;50&#8243; bottom_padding=&#8220;50&#8243;][vc_column column_center=&#8220;true&#8220; width=&#8220;1\/2&#8243;]<h1 class=\"headline font-inherit fontsize-xxl fontweight-600 lh-inherit align-left transform-uppercase \" style=\"margin: 0 0 20px 0; color: #ed2e38;\">WER WIR SIND<\/h1>[vc_column_text]Die Leidenschaft der Familie Bottari f\u00fcr Autopflege entsteht Ende der 50er Jahre in Cogozzo di Viadana, mitten in der Provinz Mantua.<br \/>\nDer Stammvater Carlo befasste sich mit seinem familiengef\u00fchrten Unternehmen damit, lokale H\u00e4ndler mit Schw\u00e4mmen, Leder und diversem Zubeh\u00f6r zur Pflege der Fahrzeuge zu beliefern. Artikel, die in dieser Gegend nur schwer zu finden waren.<\/p>\n<p>In wenigen Jahren erweitert sich die kleine Halle des Unternehmens Bottari in Gr\u00f6\u00dfe, Personal und Gesch\u00e4ftsumfang: Vom Po-Becken aus beginnt es, den Gro\u00dfhandel in ganz Italien zu entwickeln, die Lagerhallen vergr\u00f6\u00dfern sich und das Sortiment wird um Zubeh\u00f6r f\u00fcr Motorr\u00e4der, Fahrr\u00e4der und Lastwagen erweitert.<\/p>\n<p>Seit den 2000er Jahren, mit dem aktuellen Hauptsitz in Pomponesco, war die Expansion des Unternehmens exponentiell: Heute ist die stolze italienische Marke in mehr als 60 L\u00e4ndern der Welt vertreten.[\/vc_column_text][\/vc_column][vc_column column_center=&#8220;true&#8220; width=&#8220;1\/2&#8243;][vc_widget_sidebar sidebar_id=&#8220;smartslider_area_1&#8243;][\/vc_column][\/vc_row][vc_row top_padding=&#8220;20&#8243; bottom_padding=&#8220;20&#8243;][vc_column column_padding=&#8220;padding-2&#8243; column_center=&#8220;true&#8220; width=&#8220;1\/1&#8243;]<h3 class=\"headline font-inherit fontsize-xxl fontweight-500 lh-inherit align-left transform-inherit \" style=\"margin: 0 0 10px 0; color: #dd3333;\">St\u00e4rken<\/h3><div class=\"spacer\" style=\"height: 5px;\"><\/div>[vc_row_inner][vc_column_inner width=&#8220;1\/2&#8243;][vc_column_text]Das Unternehmen wurde 1996 zu Bottari Spa und seine Pfeiler sind heute noch:<\/p>\n<ul>\n<li>Das Forschungs- und Entwicklungsteam, das f\u00fcr die Kunden ein breit gef\u00e4chertes Angebot im Bereich Auto-, Motorrad- und Fahrradzubeh\u00f6r ausw\u00e4hlt, darunter auch Nischenprodukte,<\/li>\n<li>Die Grafikdesigner, die kundenspezifische Displays mit ikonischem Design und hohem Wiedererkennungswert entwickeln, die von Gesch\u00e4ftskunden angefordert werden, die die am besten sortierten Gesch\u00e4fte verwalten,<\/li>\n<li>die Export-Abteilung,<\/li>\n<li>die Logistikmitarbeiter<\/li>\n<li>der Kundenservice<\/li>\n<\/ul>\n<p>Dar\u00fcber hinaus ist das Unternehmen in der Branche bekannt als Lizenznehmer f\u00fcr Marken der gehobenen Preisklasse wie Goodyear mit seinen Schneeketten und mehr, ein weltweit f\u00fchrender Anbieter in diesem Bereich und Synonym f\u00fcr Langlebigkeit und Zuverl\u00e4ssigkeit.[\/vc_column_text][\/vc_column_inner][vc_column_inner width=&#8220;1\/2&#8243;][vc_column_text]Auch heute noch steigert Bottari Spa weiterhin seine Vertriebseffizienz und k\u00fcmmert sich um jeden Aspekt: Mechaniker, Tankstellen, Einzelh\u00e4ndler, organisierter Gro\u00dfhandel und E-Commerce.<\/p>\n<p>\u00dcber den Online-Shop <a href=\"https:\/\/www.bottarishop.it\/it\/\" target=\"_blank\" rel=\"noopener\">bottarishop.it\u00a0<\/a>sch\u00e4tzen die Endverbraucher das Know-how, die Anleitungen zur Wahl des besten Produkts, die p\u00fcnktlichen und schnellen Lieferungen, die sichere Verpackung und den stets zur Verf\u00fcgung stehenden Kundendienst.<\/p>\n<p>Als mehrfach ausgezeichneter Partner und Sponsor im Sport steht Bottari Spa an der Seite junger Menschen, welche die HERAUSFORDERUNGEN im Bezug auf Fairplay, EHRLICHKEIT und LOYALIT\u00c4T annehmen.[\/vc_column_text][\/vc_column_inner][\/vc_row_inner][\/vc_column][\/vc_row][vc_row top_padding=&#8220;20&#8243; bottom_padding=&#8220;50&#8243;][vc_column width=&#8220;1\/1&#8243;][vc_carousel_father theme=&#8220;content-over-slider&#8220; slide_visible=&#8220;3&#8243; tabs=&#8220;2&#8243; slide_scroll=&#8220;3&#8243; adaptiveheight=&#8220;true&#8220; arrowclr=&#8220;#0a0a0a&#8220; dot=&#8220;false&#8220; padding=&#8220;5%&#8220; mbl_height=&#8220;120&#8243;][vc_carousel_son image_id=&#8220;26460&#8243; img_height=&#8220;400px&#8220;][\/vc_carousel_son][vc_carousel_son image_id=&#8220;26459&#8243; img_height=&#8220;400px&#8220;][\/vc_carousel_son][vc_carousel_son image_id=&#8220;26458&#8243; img_height=&#8220;400px&#8220;][\/vc_carousel_son][vc_carousel_son image_id=&#8220;26457&#8243; img_height=&#8220;400px&#8220;][\/vc_carousel_son][vc_carousel_son image_id=&#8220;26456&#8243; img_height=&#8220;400px&#8220;][\/vc_carousel_son][vc_carousel_son image_id=&#8220;26455&#8243; img_height=&#8220;400px&#8220;][\/vc_carousel_son][vc_carousel_son image_id=&#8220;26454&#8243; img_height=&#8220;400px&#8220;][\/vc_carousel_son][vc_carousel_son image_id=&#8220;26453&#8243; img_height=&#8220;400px&#8220;][\/vc_carousel_son][vc_carousel_son image_id=&#8220;26452&#8243; img_height=&#8220;400px&#8220;][\/vc_carousel_son][vc_carousel_son image_id=&#8220;26451&#8243; img_height=&#8220;400px&#8220;][\/vc_carousel_son][\/vc_carousel_father][\/vc_column][\/vc_row][vc_row top_padding=&#8220;20&#8243; bottom_padding=&#8220;20&#8243; class=&#8220;ieri-oggi-domani&#8220;][vc_column column_padding=&#8220;padding-2&#8243; column_center=&#8220;true&#8220; width=&#8220;1\/1&#8243;]<h3 class=\"headline font-inherit fontsize-xxl fontweight-500 lh-inherit align-left transform-inherit \" style=\"margin: 0 0 10px 0; color: #dd3333;\">Gestern, heute und morgen<\/h3><div class=\"spacer\" style=\"height: 20px;\"><\/div>[vc_row_inner][vc_column_inner][vc_column_text]Heute wie damals liegt die St\u00e4rke des Unternehmens in seinem umfangreichen Angebot an Auto-, Motorrad- und Fahrradzubeh\u00f6r, dessen ikonisches Design gesch\u00e4tzt und allgemein als branchenf\u00fchrend anerkannt wird. Bottari Spa steigert weiterhin die Effizienz des Vertriebs, indem es sich um alle Aspekte k\u00fcmmert: Logistik, Verpackung, Forschung, Produktauswahl und Innovation, ohne dabei die Aspekte Marketing und Kommunikation, eischlie\u00dflich der digitalen, zu vergessen.<\/p>\n<p>Das Unternehmen wird von dem proaktiven Geist des derzeitigen Eigent\u00fcmers Guido Bottari und seiner Kinder Marco, Laura und Eleonora angetrieben.[\/vc_column_text][\/vc_column_inner][\/vc_row_inner][\/vc_column][\/vc_row][vc_row bg_color=&#8220;#ffffff&#8220; top_padding=&#8220;50&#8243; bottom_padding=&#8220;50&#8243;][vc_column width=&#8220;1\/2&#8243;][vc_column_text]DIE ZEITMASCHINE<\/p>\n<p>Klicken Sie auf die Aufw\u00e4rts- und Abw\u00e4rtspfeile, um die Zeit im Handumdrehen vergehen zu lassen. Sie m\u00fcssen die richtige Kombination aus Datum, Logo und Beschreibung finden. Wenn Sie es schaffen, die unteren Balken der gleichen Farbe auszurichten, werden Sie entdecken, wie sich die Marke Bottari im Laufe der Zeit entwickelt hat. Sie k\u00f6nnen 3 L\u00f6sungen finden. Versuchen Sie es![\/vc_column_text][\/vc_column][vc_column width=&#8220;1\/2&#8243;][\/vc_column][\/vc_row][vc_row bg_color=&#8220;#ffffff&#8220; text_align=&#8220;right&#8220; top_padding=&#8220;100&#8243; bottom_padding=&#8220;0&#8243; bg_position=&#8220;left top&#8220;][vc_column width=&#8220;1\/4&#8243;]<div class=\"single_image wpb_content_element align-left    \" data-animation=\"none\" data-delay=\"0\"><img width=\"600\" height=\"765\" src=\"https:\/\/bottari.it\/wp-content\/uploads\/2022\/10\/foto-Guido2-BOTTARI.jpg\" class=\"attachment-full\" alt=\"\" loading=\"lazy\" srcset=\"https:\/\/bottari.it\/wp-content\/uploads\/2022\/10\/foto-Guido2-BOTTARI.jpg 600w, https:\/\/bottari.it\/wp-content\/uploads\/2022\/10\/foto-Guido2-BOTTARI-235x300.jpg 235w\" sizes=\"(max-width: 600px) 100vw, 600px\" \/><\/div>[\/vc_column][vc_column column_center=&#8220;true&#8220; width=&#8220;3\/4&#8243;]<div class=\"spacer\" style=\"height: 20px;\"><\/div>[vc_column_text]<\/p>\n<h2 style=\"text-align: left;\"><em>&#8222;Der Schl\u00fcssel zum Erfolg ist, nie aufzuh\u00f6ren zu investieren, zu innovieren, zu forschen und insbesondere zu wagen.<\/em><em>&#8222;<\/em><\/h2>\n<h3 style=\"text-align: right;\"><em><strong>Guido Bottari<\/strong><\/em><\/h3>\n<p>[\/vc_column_text]<div class=\"spacer\" style=\"height: 50px;\"><\/div>[\/vc_column][\/vc_row][vc_row type=&#8220;full_width_section&#8220; class=&#8220;row_reverse&#8220;][vc_column bg_color=&#8220;#f9f9f9&#8243; column_padding=&#8220;padding-4&#8243; width=&#8220;1\/2&#8243;]<h2 class=\"headline font-special fontsize-xxxl fontweight-700 lh-inherit align-left transform-uppercase \" style=\"margin: 0 0 0 0;\">MISSION<\/h2><div class=\"divider divider5\" style='margin:0px 0 20px 0 !important;'><\/div>[vc_column_text]Das Unternehmen Bottari Spa, das bereits in der dritten Generation gef\u00fchrt wird, den Bed\u00fcrfnissen kleiner H\u00e4ndler und des Gro\u00dfhandels, der Liebhaber der individuellen Autogestaltung, sowie junger Sportler gerecht zu werden, die f\u00fcr ihr Fahrrad nur das Beste wollen.<\/p>\n<p>Das Unternehmen m\u00f6chte auf die <strong>Bed\u00fcrfnisse der Kunden<\/strong> h\u00f6ren und sie verstehen und sie mit einem <strong>zuverl\u00e4ssigen, effizienten und ehrlichen Service<\/strong> zufriedenstellen.[\/vc_column_text][\/vc_column][vc_column bg_image=&#8220;15654&#8243; column_padding=&#8220;padding-5&#8243; column_center=&#8220;true&#8220; width=&#8220;1\/2&#8243;]<div class=\"spacer\" style=\"height: 350px;\"><\/div>[\/vc_column][\/vc_row][vc_row type=&#8220;full_width_section&#8220;][vc_column bg_image=&#8220;17996&#8243; column_padding=&#8220;padding-5&#8243; column_center=&#8220;true&#8220; width=&#8220;1\/2&#8243;]<div class=\"spacer\" style=\"height: 250px;\"><\/div>[\/vc_column][vc_column bg_color=&#8220;#ffffff&#8220; column_padding=&#8220;padding-4&#8243; width=&#8220;1\/2&#8243;]<h2 class=\"headline font-special fontsize-xxxl fontweight-700 lh-inherit align-left transform-uppercase \" style=\"margin: 0 0 0 0;\">VISION<\/h2><div class=\"divider divider5\" style='margin:0px 0 20px 0 !important;'><\/div>[vc_column_text]<span id=\"E302\">Bottari Spa strebt nicht danach, der beste Lieferant der Branche, sondern der\u00a0<\/span><strong><br \/>\n<span id=\"E303\">Favorit<\/span><br \/>\n<\/strong><\/p>\n<p>kleiner, mittelgro\u00dfer und gro\u00dfer Unternehmen zu sein, die mit Artikeln f\u00fcr Autos, Motorr\u00e4der und Fahrr\u00e4der handeln. Kurz gesagt, hegt es den Wunsch, die erste Marke zu sein, an die man bei Notwendigkeit oder Verlangen denkt, bereit, die <strong>ideale L\u00f6sung<\/strong> f\u00fcr die Bed\u00fcrfnisse des historischen Kunden sowie des gelegentlichen Verbrauchers zu bieten.[\/vc_column_text][\/vc_column][\/vc_row][vc_row bg_color=&#8220;#023e7c&#8220; text_color=&#8220;custom&#8220; custom_text_color=&#8220;#ffffff&#8220; top_padding=&#8220;40&#8243; bottom_padding=&#8220;40&#8243;][vc_column width=&#8220;1\/1&#8243;][vc_row_inner][vc_column_inner width=&#8220;1\/2&#8243;]<h1 class=\"headline font-inherit fontsize-l fontweight-inherit lh-inherit align-left transform-inherit \" style=\"margin: 0 0 0px 0;\">M\u00f6chten Sie unser Wiederverk\u00e4ufer werden und auf die reservierten Preislisten zugreifen?<\/h1><div class=\"spacer\" style=\"height: 20px;\"><\/div>[vc_column_text]<\/p>\n<div class=\"wpb_text_column wpb_content_element \">\n<div class=\"wpb_wrapper\">\n<div class=\"elementor-widget elementor-element elementor-element-1zkokiu elementor-widget-text-editor\" data-element_type=\"text-editor\">\n<div class=\"elementor-widget-container\">\n<div class=\"elementor-text-editor rte-content\">\n<p>Produkte von Bottari weltweit anzubieten bedeutet, sicherzustellen, dass Ihre Kunden in Ihrem Gesch\u00e4ft die Qualit\u00e4t und Zuverl\u00e4ssigkeit finden, die sie suchen.<\/p>\n<p>F\u00fcr kundenspezifische Lieferungen oder Beratung \u00fcber den richtigen Aufsteller f\u00fcr Ihre R\u00e4ume und Bed\u00fcrfnisse k\u00f6nnen Sie sich an unser Verkaufsteam wenden.<\/p>\n<\/div>\n<\/div>\n<\/div>\n<\/div>\n<\/div>\n<p>[\/vc_column_text][\/vc_column_inner][vc_column_inner width=&#8220;1\/2&#8243;][vc_column_text]<\/p>\n<div class=\"wpb_text_column wpb_content_element \">\n<div class=\"wpb_wrapper\">\n<div class=\"elementor-widget elementor-element elementor-element-1zkokiu elementor-widget-text-editor\" data-element_type=\"text-editor\">\n<div class=\"elementor-widget-container\">\n<div class=\"elementor-text-editor rte-content\">\n<p>Bei <strong>Bottari SpA<\/strong> finden Sie<\/p>\n<ul>\n<li>Sortiment<\/li>\n<li>Schnellen und p\u00fcnktlichen Lieferservice<\/li>\n<li>Preis und individuelle Gestaltung<\/li>\n<\/ul>\n<p>Wir stehen nationalen und internationalen H\u00e4ndlern, Vertriebsh\u00e4ndlern und Einzelh\u00e4ndlern zur Verf\u00fcgung.<\/p>\n<p>Senden Sie jetzt Ihre Anfrage, wir freuen uns darauf, Ihnen helfen zu d\u00fcrfen.<\/p>\n<\/div>\n<\/div>\n<\/div>\n<\/div>\n<\/div>\n<p>[\/vc_column_text]<a href=\"https:\/\/bottari.it\/de\/kontakt\/\" target=\"_self\" class=\"button color-3 medium \" style=\"border-radius: 2px;\">Kontaktiere uns<\/a>[\/vc_column_inner][\/vc_row_inner][\/vc_column][\/vc_row]<\/p>\n","protected":false},"excerpt":{"rendered":"<p>[vc_row bg_image=&#8220;26229&#8243; parallax_bg=&#8220;true&#8220; bg_color=&#8220;rgba(0,0,0,0.68)&#8220; top_padding=&#8220;50&#8243; bottom_padding=&#8220;50&#8243; class=&#8220;column-slidechisiamo&#8220;][vc_column column_center=&#8220;true&#8220; width=&#8220;1\/1&#8243;][\/vc_column][\/vc_row][vc_row top_padding=&#8220;50&#8243; bottom_padding=&#8220;50&#8243;][vc_column column_center=&#8220;true&#8220; width=&#8220;1\/2&#8243;][vc_column_text]Die Leidenschaft der Familie Bottari f\u00fcr Autopflege entsteht Ende der 50er Jahre in Cogozzo di Viadana, mitten in der Provinz Mantua. Der Stammvater [&hellip;]<\/p>\n","protected":false},"author":2,"featured_media":0,"parent":0,"menu_order":20,"comment_status":"closed","ping_status":"closed","template":"","meta":[],"yoast_head":"<!-- This site is optimized with the Yoast SEO plugin v19.9 - https:\/\/yoast.com\/wordpress\/plugins\/seo\/ -->\n<title>Bottari Autozubeh\u00f6r. Unsere Geschichte<\/title>\n<meta name=\"description\" content=\"Bottari Zubeh\u00f6r. Eine 60-j\u00e4hrige Geschichte, in deren Mittelpunkt das Ziel steht, ein einzigartiges Fahrerlebnis zu gew\u00e4hrleisten.\" \/>\n<meta name=\"robots\" content=\"index, follow, max-snippet:-1, max-image-preview:large, max-video-preview:-1\" \/>\n<link rel=\"canonical\" href=\"https:\/\/bottari.it\/de\/ueber-uns\/\" \/>\n<meta property=\"og:locale\" content=\"de_DE\" \/>\n<meta property=\"og:type\" content=\"article\" \/>\n<meta property=\"og:title\" content=\"Bottari Autozubeh\u00f6r. Unsere Geschichte\" \/>\n<meta property=\"og:description\" content=\"Bottari Zubeh\u00f6r. Eine 60-j\u00e4hrige Geschichte, in deren Mittelpunkt das Ziel steht, ein einzigartiges Fahrerlebnis zu gew\u00e4hrleisten.\" \/>\n<meta property=\"og:url\" content=\"https:\/\/bottari.it\/de\/ueber-uns\/\" \/>\n<meta property=\"og:site_name\" content=\"Bottari.it\" \/>\n<meta property=\"article:publisher\" content=\"https:\/\/www.facebook.com\/bottarispa\" \/>\n<meta property=\"article:modified_time\" content=\"2023-02-01T13:08:12+00:00\" \/>\n<meta property=\"og:image\" content=\"https:\/\/bottari.it\/wp-content\/uploads\/2016\/07\/bottari_logo_retina.png\" \/>\n\t<meta property=\"og:image:width\" content=\"600\" \/>\n\t<meta property=\"og:image:height\" content=\"169\" \/>\n\t<meta property=\"og:image:type\" content=\"image\/png\" \/>\n<meta name=\"twitter:label1\" content=\"Gesch\u00e4tzte Lesezeit\" \/>\n\t<meta name=\"twitter:data1\" content=\"5\u00a0Minuten\" \/>\n<script type=\"application\/ld+json\" class=\"yoast-schema-graph\">{\"@context\":\"https:\/\/schema.org\",\"@graph\":[{\"@type\":\"WebPage\",\"@id\":\"https:\/\/bottari.it\/de\/ueber-uns\/\",\"url\":\"https:\/\/bottari.it\/de\/ueber-uns\/\",\"name\":\"Bottari Autozubeh\u00f6r. Unsere Geschichte\",\"isPartOf\":{\"@id\":\"https:\/\/bottari.it\/de\/#website\"},\"datePublished\":\"2023-01-19T11:17:17+00:00\",\"dateModified\":\"2023-02-01T13:08:12+00:00\",\"description\":\"Bottari Zubeh\u00f6r. Eine 60-j\u00e4hrige Geschichte, in deren Mittelpunkt das Ziel steht, ein einzigartiges Fahrerlebnis zu gew\u00e4hrleisten.\",\"breadcrumb\":{\"@id\":\"https:\/\/bottari.it\/de\/ueber-uns\/#breadcrumb\"},\"inLanguage\":\"de\",\"potentialAction\":[{\"@type\":\"ReadAction\",\"target\":[\"https:\/\/bottari.it\/de\/ueber-uns\/\"]}]},{\"@type\":\"BreadcrumbList\",\"@id\":\"https:\/\/bottari.it\/de\/ueber-uns\/#breadcrumb\",\"itemListElement\":[{\"@type\":\"ListItem\",\"position\":1,\"name\":\"Home\",\"item\":\"https:\/\/bottari.it\/de\/\"},{\"@type\":\"ListItem\",\"position\":2,\"name\":\"\u00dcber uns\"}]},{\"@type\":\"WebSite\",\"@id\":\"https:\/\/bottari.it\/de\/#website\",\"url\":\"https:\/\/bottari.it\/de\/\",\"name\":\"Bottari.it\",\"description\":\"accessori per Auto, Moto, Bici, Veicoli commerciali e Camion\",\"publisher\":{\"@id\":\"https:\/\/bottari.it\/de\/#organization\"},\"potentialAction\":[{\"@type\":\"SearchAction\",\"target\":{\"@type\":\"EntryPoint\",\"urlTemplate\":\"https:\/\/bottari.it\/de\/?s={search_term_string}\"},\"query-input\":\"required name=search_term_string\"}],\"inLanguage\":\"de\"},{\"@type\":\"Organization\",\"@id\":\"https:\/\/bottari.it\/de\/#organization\",\"name\":\"BOTTARI S.p.a.\",\"url\":\"https:\/\/bottari.it\/de\/\",\"logo\":{\"@type\":\"ImageObject\",\"inLanguage\":\"de\",\"@id\":\"https:\/\/bottari.it\/de\/#\/schema\/logo\/image\/\",\"url\":\"https:\/\/bottari.it\/wp-content\/uploads\/2014\/03\/Logo-Bottari.png\",\"contentUrl\":\"https:\/\/bottari.it\/wp-content\/uploads\/2014\/03\/Logo-Bottari.png\",\"width\":1200,\"height\":1200,\"caption\":\"BOTTARI S.p.a.\"},\"image\":{\"@id\":\"https:\/\/bottari.it\/de\/#\/schema\/logo\/image\/\"},\"sameAs\":[\"https:\/\/www.instagram.com\/bottarispa\/\",\"https:\/\/www.linkedin.com\/company\/bottari-s.p.a.\",\"https:\/\/www.facebook.com\/bottarispa\"]}]}<\/script>\n<!-- \/ Yoast SEO plugin. -->","yoast_head_json":{"title":"Bottari Autozubeh\u00f6r. Unsere Geschichte","description":"Bottari Zubeh\u00f6r. Eine 60-j\u00e4hrige Geschichte, in deren Mittelpunkt das Ziel steht, ein einzigartiges Fahrerlebnis zu gew\u00e4hrleisten.","robots":{"index":"index","follow":"follow","max-snippet":"max-snippet:-1","max-image-preview":"max-image-preview:large","max-video-preview":"max-video-preview:-1"},"canonical":"https:\/\/bottari.it\/de\/ueber-uns\/","og_locale":"de_DE","og_type":"article","og_title":"Bottari Autozubeh\u00f6r. Unsere Geschichte","og_description":"Bottari Zubeh\u00f6r. Eine 60-j\u00e4hrige Geschichte, in deren Mittelpunkt das Ziel steht, ein einzigartiges Fahrerlebnis zu gew\u00e4hrleisten.","og_url":"https:\/\/bottari.it\/de\/ueber-uns\/","og_site_name":"Bottari.it","article_publisher":"https:\/\/www.facebook.com\/bottarispa","article_modified_time":"2023-02-01T13:08:12+00:00","og_image":[{"width":600,"height":169,"url":"https:\/\/bottari.it\/wp-content\/uploads\/2016\/07\/bottari_logo_retina.png","type":"image\/png"}],"twitter_misc":{"Gesch\u00e4tzte Lesezeit":"5\u00a0Minuten"},"schema":{"@context":"https:\/\/schema.org","@graph":[{"@type":"WebPage","@id":"https:\/\/bottari.it\/de\/ueber-uns\/","url":"https:\/\/bottari.it\/de\/ueber-uns\/","name":"Bottari Autozubeh\u00f6r. Unsere Geschichte","isPartOf":{"@id":"https:\/\/bottari.it\/de\/#website"},"datePublished":"2023-01-19T11:17:17+00:00","dateModified":"2023-02-01T13:08:12+00:00","description":"Bottari Zubeh\u00f6r. Eine 60-j\u00e4hrige Geschichte, in deren Mittelpunkt das Ziel steht, ein einzigartiges Fahrerlebnis zu gew\u00e4hrleisten.","breadcrumb":{"@id":"https:\/\/bottari.it\/de\/ueber-uns\/#breadcrumb"},"inLanguage":"de","potentialAction":[{"@type":"ReadAction","target":["https:\/\/bottari.it\/de\/ueber-uns\/"]}]},{"@type":"BreadcrumbList","@id":"https:\/\/bottari.it\/de\/ueber-uns\/#breadcrumb","itemListElement":[{"@type":"ListItem","position":1,"name":"Home","item":"https:\/\/bottari.it\/de\/"},{"@type":"ListItem","position":2,"name":"\u00dcber uns"}]},{"@type":"WebSite","@id":"https:\/\/bottari.it\/de\/#website","url":"https:\/\/bottari.it\/de\/","name":"Bottari.it","description":"accessori per Auto, Moto, Bici, Veicoli commerciali e Camion","publisher":{"@id":"https:\/\/bottari.it\/de\/#organization"},"potentialAction":[{"@type":"SearchAction","target":{"@type":"EntryPoint","urlTemplate":"https:\/\/bottari.it\/de\/?s={search_term_string}"},"query-input":"required name=search_term_string"}],"inLanguage":"de"},{"@type":"Organization","@id":"https:\/\/bottari.it\/de\/#organization","name":"BOTTARI S.p.a.","url":"https:\/\/bottari.it\/de\/","logo":{"@type":"ImageObject","inLanguage":"de","@id":"https:\/\/bottari.it\/de\/#\/schema\/logo\/image\/","url":"https:\/\/bottari.it\/wp-content\/uploads\/2014\/03\/Logo-Bottari.png","contentUrl":"https:\/\/bottari.it\/wp-content\/uploads\/2014\/03\/Logo-Bottari.png","width":1200,"height":1200,"caption":"BOTTARI S.p.a."},"image":{"@id":"https:\/\/bottari.it\/de\/#\/schema\/logo\/image\/"},"sameAs":["https:\/\/www.instagram.com\/bottarispa\/","https:\/\/www.linkedin.com\/company\/bottari-s.p.a.","https:\/\/www.facebook.com\/bottarispa"]}]}},"_links":{"self":[{"href":"https:\/\/bottari.it\/de\/wp-json\/wp\/v2\/pages\/29171"}],"collection":[{"href":"https:\/\/bottari.it\/de\/wp-json\/wp\/v2\/pages"}],"about":[{"href":"https:\/\/bottari.it\/de\/wp-json\/wp\/v2\/types\/page"}],"author":[{"embeddable":true,"href":"https:\/\/bottari.it\/de\/wp-json\/wp\/v2\/users\/2"}],"replies":[{"embeddable":true,"href":"https:\/\/bottari.it\/de\/wp-json\/wp\/v2\/comments?post=29171"}],"version-history":[{"count":14,"href":"https:\/\/bottari.it\/de\/wp-json\/wp\/v2\/pages\/29171\/revisions"}],"predecessor-version":[{"id":34173,"href":"https:\/\/bottari.it\/de\/wp-json\/wp\/v2\/pages\/29171\/revisions\/34173"}],"wp:attachment":[{"href":"https:\/\/bottari.it\/de\/wp-json\/wp\/v2\/media?parent=29171"}],"curies":[{"name":"wp","href":"https:\/\/api.w.org\/{rel}","templated":true}]}}