{"id":29170,"date":"2023-01-19T12:17:17","date_gmt":"2023-01-19T11:17:17","guid":{"rendered":"https:\/\/bottari.it\/kontakt\/"},"modified":"2023-01-31T09:02:26","modified_gmt":"2023-01-31T08:02:26","slug":"kontakt","status":"publish","type":"page","link":"https:\/\/bottari.it\/de\/kontakt\/","title":{"rendered":"Kontakt"},"content":{"rendered":"<p>[vc_row bg_color=&#8220;#ffffff&#8220; section_arrow=&#8220;false&#8220; top_padding=&#8220;60&#8243; bottom_padding=&#8220;60&#8243; bg_position=&#8220;left top&#8220;][vc_column width=&#8220;1\/4&#8243;]<h3 class=\"headline font-special fontsize-m fontweight-700 lh-inherit align-left transform-uppercase \" style=\"margin: 0 0 20px 0;\">KONTAKTE<\/h3><h3 class=\"headline font-inherit fontsize-xs fontweight-600 lh-inherit align-left transform-inherit \" style=\"margin: 0 0 20px 0;\">Bottari S.p.a.<br \/>\nVia Tavogliere, 6<br \/>\n46030 Pomponesco (MN)<\/h3>[vc_column_text css_animation=&#8220;left-to-right&#8220;]<strong>Bottari S.p.A.<\/strong><\/p>\n<p><em>Auto-, Motorrad- und Fahrradzubeh\u00f6r<\/em><\/p>\n<p>E-Mail: info@bottari.it<\/p>\n<p>Tel. +39 0375868111<\/p>\n<p>Ge\u00f6ffnet von Montag bis Freitag<br \/>\nVormittag: 9 Uhr &#8211; 12 Uhr<br \/>\nNachmittags: 14.00 &#8211; 18.00 Uhr<\/p>\n<p>Kundenbetreuung<\/p>\n<p>Mo-Fr 9-12,14-16<\/p>\n<p>WhatsApp +39 <a href=\"https:\/\/api.whatsapp.com\/send?phone=393929583184&amp;text=Richiedi%20informazioni%20per%20i%20servizi%20di%20Bottari\">3929583184<\/a><\/p>\n<p>[\/vc_column_text][vc_column_text css_animation=&#8220;top-to-bottom&#8220;] <a href=\"https:\/\/www.facebook.com\/bottarispa\/\" target=\"_blank\" rel=\"noopener\"><img loading=\"lazy\" class=\"alignnone wp-image-23350 size-full\" src=\"https:\/\/bottari.it\/wp-content\/uploads\/2020\/01\/Facebook_icon_2013.png\" alt=\"\" width=\"32\" height=\"32\" \/><\/a> <a href=\"https:\/\/www.linkedin.com\/company\/bottari-s.p.a.\/\" target=\"_blank\" rel=\"noopener noreferrer\"><img loading=\"lazy\" class=\"alignnone wp-image-16631 size-full\" src=\"https:\/\/bottari.it\/wp-content\/uploads\/\" alt=\"linkedin_icon\" width=\"32\" height=\"32\" \/><\/a>[\/vc_column_text][\/vc_column][vc_column width=&#8220;3\/4&#8243;]<h3 class=\"headline font-special fontsize-m fontweight-700 lh-inherit align-left transform-uppercase \" style=\"margin: 0 0 20px 0;\">Modulo di contatto<\/h3>[vc_column_text]Bitte f\u00fcllen Sie das folgende Formular aus, um kommerzielle, technische und administrative Informationen zu erhalten. Sie werden so bald wie m\u00f6glich kontaktiert.[\/vc_column_text]<div role=\"form\" class=\"wpcf7\" id=\"wpcf7-f32950-o1\" lang=\"it-IT\" dir=\"ltr\">\n<div class=\"screen-reader-response\"><p role=\"status\" aria-live=\"polite\" aria-atomic=\"true\"><\/p> <ul><\/ul><\/div>\n<form action=\"\/de\/wp-json\/wp\/v2\/pages\/29170#wpcf7-f32950-o1\" method=\"post\" class=\"wpcf7-form init\" enctype=\"multipart\/form-data\" novalidate=\"novalidate\" data-status=\"init\">\n<div style=\"display: none;\">\n<input type=\"hidden\" name=\"_wpcf7\" value=\"32950\" \/>\n<input type=\"hidden\" name=\"_wpcf7_version\" value=\"5.6.4\" \/>\n<input type=\"hidden\" name=\"_wpcf7_locale\" value=\"it_IT\" \/>\n<input type=\"hidden\" name=\"_wpcf7_unit_tag\" value=\"wpcf7-f32950-o1\" \/>\n<input type=\"hidden\" name=\"_wpcf7_container_post\" value=\"0\" \/>\n<input type=\"hidden\" name=\"_wpcf7_posted_data_hash\" value=\"\" \/>\n<\/div>\n<p> Vorname (obligatorisch)<br \/>\n    <span class=\"wpcf7-form-control-wrap\" data-name=\"your-name\"><input type=\"text\" name=\"your-name\" value=\"\" size=\"40\" class=\"wpcf7-form-control wpcf7-text wpcf7-validates-as-required\" aria-required=\"true\" aria-invalid=\"false\" \/><\/span> <\/p>\n<p>Familienname, Nachname (obligatorisch)<br \/>\n   <span class=\"wpcf7-form-control-wrap\" data-name=\"cognome\"><input type=\"text\" name=\"cognome\" value=\"\" size=\"40\" class=\"wpcf7-form-control wpcf7-text wpcf7-validates-as-required\" aria-required=\"true\" aria-invalid=\"false\" \/><\/span> <\/p>\n<p>Agentur<br \/>\n <span class=\"wpcf7-form-control-wrap\" data-name=\"azienda\"><input type=\"text\" name=\"azienda\" value=\"\" size=\"40\" class=\"wpcf7-form-control wpcf7-text\" aria-invalid=\"false\" \/><\/span><\/p>\n<p>E-Mail (obligatorisch)<br \/>\n    <span class=\"wpcf7-form-control-wrap\" data-name=\"your-email\"><input type=\"email\" name=\"your-email\" value=\"\" size=\"40\" class=\"wpcf7-form-control wpcf7-text wpcf7-email wpcf7-validates-as-required wpcf7-validates-as-email\" aria-required=\"true\" aria-invalid=\"false\" \/><\/span> <\/p>\n<p>Objekt<br \/>\n    <span class=\"wpcf7-form-control-wrap\" data-name=\"your-subject\"><input type=\"text\" name=\"your-subject\" value=\"\" size=\"40\" class=\"wpcf7-form-control wpcf7-text\" aria-invalid=\"false\" \/><\/span> <\/p>\n<p>Nachricht<br \/>\n    <span class=\"wpcf7-form-control-wrap\" data-name=\"your-message\"><textarea name=\"your-message\" cols=\"40\" rows=\"10\" class=\"wpcf7-form-control wpcf7-textarea\" aria-invalid=\"false\"><\/textarea><\/span> <\/p>\n<p>Eine Datei anh\u00e4ngen (max 15Mb)<br \/>\n    <span class=\"wpcf7-form-control-wrap\" data-name=\"Allegato\"><input type=\"file\" name=\"Allegato\" size=\"40\" class=\"wpcf7-form-control wpcf7-file\" accept=\"audio\/*,video\/*,image\/*\" aria-invalid=\"false\" \/><\/span><\/p>\n<p><input type=\"submit\" value=\"einreichen\" class=\"wpcf7-form-control has-spinner wpcf7-submit\" \/><\/p>\n<div class=\"wpcf7-response-output\" aria-hidden=\"true\"><\/div><\/form><\/div>[vc_column_text]Wir werden Ihre Nachricht so schnell wie m\u00f6glich beantworten.[\/vc_column_text][\/vc_column][\/vc_row]<\/p>\n","protected":false},"excerpt":{"rendered":"<p>[vc_row bg_color=&#8220;#ffffff&#8220; section_arrow=&#8220;false&#8220; top_padding=&#8220;60&#8243; bottom_padding=&#8220;60&#8243; bg_position=&#8220;left top&#8220;][vc_column width=&#8220;1\/4&#8243;][vc_column_text css_animation=&#8220;left-to-right&#8220;]Bottari S.p.A. Auto-, Motorrad- und Fahrradzubeh\u00f6r E-Mail: info@bottari.it Tel. +39 0375868111 Ge\u00f6ffnet von Montag bis Freitag Vormittag: 9 Uhr &#8211; 12 Uhr Nachmittags: 14.00 &#8211; 18.00 Uhr [&hellip;]<\/p>\n","protected":false},"author":2,"featured_media":0,"parent":0,"menu_order":60,"comment_status":"open","ping_status":"closed","template":"","meta":[],"yoast_head":"<!-- This site is optimized with the Yoast SEO plugin v19.9 - https:\/\/yoast.com\/wordpress\/plugins\/seo\/ -->\n<title>Kontakt - Wir stehen zu Ihrer Verf\u00fcgung f\u00fcr Informationen und Kl\u00e4rung - Bottari.it<\/title>\n<meta name=\"description\" content=\"Alle Kontakte, wo und wann Sie uns finden. Wir stehen zu Ihrer Verf\u00fcgung f\u00fcr alles, was Sie brauchen, fragen Sie nach Informationen \u00fcber das Formular und Sie werden kontaktiert werden.\" \/>\n<meta name=\"robots\" content=\"index, follow, max-snippet:-1, max-image-preview:large, max-video-preview:-1\" \/>\n<link rel=\"canonical\" href=\"https:\/\/bottari.it\/de\/kontakt\/\" \/>\n<meta property=\"og:locale\" content=\"de_DE\" \/>\n<meta property=\"og:type\" content=\"article\" \/>\n<meta property=\"og:title\" content=\"Kontakt - Wir stehen zu Ihrer Verf\u00fcgung f\u00fcr Informationen und Kl\u00e4rung - Bottari.it\" \/>\n<meta property=\"og:description\" content=\"Alle Kontakte, wo und wann Sie uns finden. Wir stehen zu Ihrer Verf\u00fcgung f\u00fcr alles, was Sie brauchen, fragen Sie nach Informationen \u00fcber das Formular und Sie werden kontaktiert werden.\" \/>\n<meta property=\"og:url\" content=\"https:\/\/bottari.it\/de\/kontakt\/\" \/>\n<meta property=\"og:site_name\" content=\"Bottari.it\" \/>\n<meta property=\"article:publisher\" content=\"https:\/\/www.facebook.com\/bottarispa\" \/>\n<meta property=\"article:modified_time\" content=\"2023-01-31T08:02:26+00:00\" \/>\n<meta property=\"og:image\" content=\"https:\/\/bottari.it\/wp-content\/uploads\/2020\/01\/Facebook_icon_2013.png\" \/>\n<meta name=\"twitter:label1\" content=\"Gesch\u00e4tzte Lesezeit\" \/>\n\t<meta name=\"twitter:data1\" content=\"1\u00a0Minute\" \/>\n<script type=\"application\/ld+json\" class=\"yoast-schema-graph\">{\"@context\":\"https:\/\/schema.org\",\"@graph\":[{\"@type\":\"WebPage\",\"@id\":\"https:\/\/bottari.it\/de\/kontakt\/\",\"url\":\"https:\/\/bottari.it\/de\/kontakt\/\",\"name\":\"Kontakt - Wir stehen zu Ihrer Verf\u00fcgung f\u00fcr Informationen und Kl\u00e4rung - Bottari.it\",\"isPartOf\":{\"@id\":\"https:\/\/bottari.it\/de\/#website\"},\"datePublished\":\"2023-01-19T11:17:17+00:00\",\"dateModified\":\"2023-01-31T08:02:26+00:00\",\"description\":\"Alle Kontakte, wo und wann Sie uns finden. Wir stehen zu Ihrer Verf\u00fcgung f\u00fcr alles, was Sie brauchen, fragen Sie nach Informationen \u00fcber das Formular und Sie werden kontaktiert werden.\",\"breadcrumb\":{\"@id\":\"https:\/\/bottari.it\/de\/kontakt\/#breadcrumb\"},\"inLanguage\":\"de\",\"potentialAction\":[{\"@type\":\"ReadAction\",\"target\":[\"https:\/\/bottari.it\/de\/kontakt\/\"]}]},{\"@type\":\"BreadcrumbList\",\"@id\":\"https:\/\/bottari.it\/de\/kontakt\/#breadcrumb\",\"itemListElement\":[{\"@type\":\"ListItem\",\"position\":1,\"name\":\"Home\",\"item\":\"https:\/\/bottari.it\/de\/\"},{\"@type\":\"ListItem\",\"position\":2,\"name\":\"Kontakt\"}]},{\"@type\":\"WebSite\",\"@id\":\"https:\/\/bottari.it\/de\/#website\",\"url\":\"https:\/\/bottari.it\/de\/\",\"name\":\"Bottari.it\",\"description\":\"accessori per Auto, Moto, Bici, Veicoli commerciali e Camion\",\"publisher\":{\"@id\":\"https:\/\/bottari.it\/de\/#organization\"},\"potentialAction\":[{\"@type\":\"SearchAction\",\"target\":{\"@type\":\"EntryPoint\",\"urlTemplate\":\"https:\/\/bottari.it\/de\/?s={search_term_string}\"},\"query-input\":\"required name=search_term_string\"}],\"inLanguage\":\"de\"},{\"@type\":\"Organization\",\"@id\":\"https:\/\/bottari.it\/de\/#organization\",\"name\":\"BOTTARI S.p.a.\",\"url\":\"https:\/\/bottari.it\/de\/\",\"logo\":{\"@type\":\"ImageObject\",\"inLanguage\":\"de\",\"@id\":\"https:\/\/bottari.it\/de\/#\/schema\/logo\/image\/\",\"url\":\"https:\/\/bottari.it\/wp-content\/uploads\/2014\/03\/Logo-Bottari.png\",\"contentUrl\":\"https:\/\/bottari.it\/wp-content\/uploads\/2014\/03\/Logo-Bottari.png\",\"width\":1200,\"height\":1200,\"caption\":\"BOTTARI S.p.a.\"},\"image\":{\"@id\":\"https:\/\/bottari.it\/de\/#\/schema\/logo\/image\/\"},\"sameAs\":[\"https:\/\/www.instagram.com\/bottarispa\/\",\"https:\/\/www.linkedin.com\/company\/bottari-s.p.a.\",\"https:\/\/www.facebook.com\/bottarispa\"]}]}<\/script>\n<!-- \/ Yoast SEO plugin. -->","yoast_head_json":{"title":"Kontakt - Wir stehen zu Ihrer Verf\u00fcgung f\u00fcr Informationen und Kl\u00e4rung - Bottari.it","description":"Alle Kontakte, wo und wann Sie uns finden. Wir stehen zu Ihrer Verf\u00fcgung f\u00fcr alles, was Sie brauchen, fragen Sie nach Informationen \u00fcber das Formular und Sie werden kontaktiert werden.","robots":{"index":"index","follow":"follow","max-snippet":"max-snippet:-1","max-image-preview":"max-image-preview:large","max-video-preview":"max-video-preview:-1"},"canonical":"https:\/\/bottari.it\/de\/kontakt\/","og_locale":"de_DE","og_type":"article","og_title":"Kontakt - Wir stehen zu Ihrer Verf\u00fcgung f\u00fcr Informationen und Kl\u00e4rung - Bottari.it","og_description":"Alle Kontakte, wo und wann Sie uns finden. Wir stehen zu Ihrer Verf\u00fcgung f\u00fcr alles, was Sie brauchen, fragen Sie nach Informationen \u00fcber das Formular und Sie werden kontaktiert werden.","og_url":"https:\/\/bottari.it\/de\/kontakt\/","og_site_name":"Bottari.it","article_publisher":"https:\/\/www.facebook.com\/bottarispa","article_modified_time":"2023-01-31T08:02:26+00:00","og_image":[{"url":"https:\/\/bottari.it\/wp-content\/uploads\/2020\/01\/Facebook_icon_2013.png"}],"twitter_misc":{"Gesch\u00e4tzte Lesezeit":"1\u00a0Minute"},"schema":{"@context":"https:\/\/schema.org","@graph":[{"@type":"WebPage","@id":"https:\/\/bottari.it\/de\/kontakt\/","url":"https:\/\/bottari.it\/de\/kontakt\/","name":"Kontakt - Wir stehen zu Ihrer Verf\u00fcgung f\u00fcr Informationen und Kl\u00e4rung - Bottari.it","isPartOf":{"@id":"https:\/\/bottari.it\/de\/#website"},"datePublished":"2023-01-19T11:17:17+00:00","dateModified":"2023-01-31T08:02:26+00:00","description":"Alle Kontakte, wo und wann Sie uns finden. Wir stehen zu Ihrer Verf\u00fcgung f\u00fcr alles, was Sie brauchen, fragen Sie nach Informationen \u00fcber das Formular und Sie werden kontaktiert werden.","breadcrumb":{"@id":"https:\/\/bottari.it\/de\/kontakt\/#breadcrumb"},"inLanguage":"de","potentialAction":[{"@type":"ReadAction","target":["https:\/\/bottari.it\/de\/kontakt\/"]}]},{"@type":"BreadcrumbList","@id":"https:\/\/bottari.it\/de\/kontakt\/#breadcrumb","itemListElement":[{"@type":"ListItem","position":1,"name":"Home","item":"https:\/\/bottari.it\/de\/"},{"@type":"ListItem","position":2,"name":"Kontakt"}]},{"@type":"WebSite","@id":"https:\/\/bottari.it\/de\/#website","url":"https:\/\/bottari.it\/de\/","name":"Bottari.it","description":"accessori per Auto, Moto, Bici, Veicoli commerciali e Camion","publisher":{"@id":"https:\/\/bottari.it\/de\/#organization"},"potentialAction":[{"@type":"SearchAction","target":{"@type":"EntryPoint","urlTemplate":"https:\/\/bottari.it\/de\/?s={search_term_string}"},"query-input":"required name=search_term_string"}],"inLanguage":"de"},{"@type":"Organization","@id":"https:\/\/bottari.it\/de\/#organization","name":"BOTTARI S.p.a.","url":"https:\/\/bottari.it\/de\/","logo":{"@type":"ImageObject","inLanguage":"de","@id":"https:\/\/bottari.it\/de\/#\/schema\/logo\/image\/","url":"https:\/\/bottari.it\/wp-content\/uploads\/2014\/03\/Logo-Bottari.png","contentUrl":"https:\/\/bottari.it\/wp-content\/uploads\/2014\/03\/Logo-Bottari.png","width":1200,"height":1200,"caption":"BOTTARI S.p.a."},"image":{"@id":"https:\/\/bottari.it\/de\/#\/schema\/logo\/image\/"},"sameAs":["https:\/\/www.instagram.com\/bottarispa\/","https:\/\/www.linkedin.com\/company\/bottari-s.p.a.","https:\/\/www.facebook.com\/bottarispa"]}]}},"_links":{"self":[{"href":"https:\/\/bottari.it\/de\/wp-json\/wp\/v2\/pages\/29170"}],"collection":[{"href":"https:\/\/bottari.it\/de\/wp-json\/wp\/v2\/pages"}],"about":[{"href":"https:\/\/bottari.it\/de\/wp-json\/wp\/v2\/types\/page"}],"author":[{"embeddable":true,"href":"https:\/\/bottari.it\/de\/wp-json\/wp\/v2\/users\/2"}],"replies":[{"embeddable":true,"href":"https:\/\/bottari.it\/de\/wp-json\/wp\/v2\/comments?post=29170"}],"version-history":[{"count":5,"href":"https:\/\/bottari.it\/de\/wp-json\/wp\/v2\/pages\/29170\/revisions"}],"predecessor-version":[{"id":34153,"href":"https:\/\/bottari.it\/de\/wp-json\/wp\/v2\/pages\/29170\/revisions\/34153"}],"wp:attachment":[{"href":"https:\/\/bottari.it\/de\/wp-json\/wp\/v2\/media?parent=29170"}],"curies":[{"name":"wp","href":"https:\/\/api.w.org\/{rel}","templated":true}]}}