{"id":29164,"date":"2023-01-19T12:17:16","date_gmt":"2023-01-19T11:17:16","guid":{"rendered":"https:\/\/bottari.it\/wie-man-wischerblaetter-auswaehlt\/"},"modified":"2023-01-19T12:20:18","modified_gmt":"2023-01-19T11:20:18","slug":"wie-man-wischerblaetter-auswaehlt","status":"publish","type":"page","link":"https:\/\/bottari.it\/de\/wie-man-wischerblaetter-auswaehlt\/","title":{"rendered":"Wie man Wischerbl\u00e4tter ausw\u00e4hlt"},"content":{"rendered":"<p>[vc_row][vc_column width=&#8220;1\/1&#8243;]<h1 class=\"headline font-inherit fontsize-xl fontweight-500 lh-inherit align-center transform-inherit \" style=\"margin: 0 0 20px 0;\">Anwendungstabellen der von Bottari Spa gelieferten Wischerbl\u00e4tter.<\/h1>[\/vc_column][\/vc_row][vc_row][vc_column width=&#8220;1\/3&#8243;][vc_column_text]<\/p>\n<div class=\"wpb_text_column wpb_content_element \">\n<div class=\"wpb_wrapper\">\n<p style=\"text-align: justify;\">Wischerblatt-Anwendungstabellen dienen der Auswahl des richtigen Wischerblattes. Die von Bottari Spa angebotenen Wischerbl\u00e4tter sind universell einsetzbar. Sie k\u00f6nnen also in jedes Auto eingebaut werden, man muss nur die passende &#8222;Gr\u00f6\u00dfe&#8220; w\u00e4hlen. Dabei helfen uns die Anwendungstabellen. Sie f\u00fchren die verschiedenen Fahrzeugmodelle und die Details der einbaubaren B\u00fcrsten auf.<\/p>\n<\/div>\n<\/div>\n<div class=\"wpb_text_column wpb_content_element \">\n<div class=\"wpb_wrapper\">\n<p style=\"text-align: justify;\">Die Anfangsbuchstaben der Fahrzeugmodelle in der Tabelle sind in der Kopfzeile angegeben. Wenn Sie z.B. B\u00fcrsten f\u00fcr einen Fiat Punto suchen, m\u00fcssen Sie auf die Tabelle mit der Bezeichnung &#8222;F &#8211; G&#8220; klicken. Die Tabelle enth\u00e4lt in Spalten die Marke, das Modell und das Jahr des Fahrzeugs, w\u00e4hrend die letzten beiden Spalten die Gr\u00f6\u00dfe der B\u00fcrsten auf der Fahrer- und Beifahrerseite in Millimetern angeben.<\/p>\n<p style=\"text-align: justify;\">Um die Gr\u00f6\u00dfe der B\u00fcrsten zu verstehen, folgen Sie einfach unseren Anwendungstabellen. Wenn Sie kein bestimmtes Fahrzeugmodell finden, messen Sie einfach die B\u00fcrsten des Fahrzeugs aus und probieren Sie die B\u00fcrsten mit der entsprechenden Gr\u00f6\u00dfe aus.<\/p>\n<\/div>\n<\/div>\n<p>[\/vc_column_text]<div class=\"spacer\" style=\"height: 20px;\"><\/div><a href=\"https:\/\/www.bottarishop.it\/it\/content\/20-tabelle-applicative-spazzole-tergicristallo\" target=\"_blank\" class=\"button color-3 medium \" style=\"border-radius: 2px;\">Consulta Tabelle applicative spazzole tergicristallo<\/a>[\/vc_column][vc_column column_center=&#8220;true&#8220; width=&#8220;2\/3&#8243;]<div class=\"single_image wpb_content_element align-right  animate   \" data-animation=\"fade-in-from-right\" data-delay=\"0\"><\/div>[\/vc_column][\/vc_row]<\/p>\n","protected":false},"excerpt":{"rendered":"<p>[vc_row][vc_column width=&#8220;1\/1&#8243;][\/vc_column][\/vc_row][vc_row][vc_column width=&#8220;1\/3&#8243;][vc_column_text] Wischerblatt-Anwendungstabellen dienen der Auswahl des richtigen Wischerblattes. Die von Bottari Spa angebotenen Wischerbl\u00e4tter sind universell einsetzbar. Sie k\u00f6nnen also in jedes Auto eingebaut werden, man muss nur die passende &#8222;Gr\u00f6\u00dfe&#8220; w\u00e4hlen. Dabei [&hellip;]<\/p>\n","protected":false},"author":2,"featured_media":0,"parent":0,"menu_order":120,"comment_status":"closed","ping_status":"closed","template":"","meta":[],"yoast_head":"<!-- This site is optimized with the Yoast SEO plugin v19.9 - https:\/\/yoast.com\/wordpress\/plugins\/seo\/ -->\n<title>Anwendungstabellen f\u00fcr Wischerbl\u00e4tter - Bottari.it<\/title>\n<meta name=\"description\" content=\"Anwendungstabellen f\u00fcr Wischerbl\u00e4tter, damit Sie die Wischerbl\u00e4tter in Ihrem Auto selbst\u00e4ndig austauschen k\u00f6nnen.\" \/>\n<meta name=\"robots\" content=\"index, follow, max-snippet:-1, max-image-preview:large, max-video-preview:-1\" \/>\n<link rel=\"canonical\" href=\"https:\/\/bottari.it\/de\/wie-man-wischerblaetter-auswaehlt\/\" \/>\n<meta property=\"og:locale\" content=\"de_DE\" \/>\n<meta property=\"og:type\" content=\"article\" \/>\n<meta property=\"og:title\" content=\"Anwendungstabellen f\u00fcr Wischerbl\u00e4tter - Bottari.it\" \/>\n<meta property=\"og:description\" content=\"Anwendungstabellen f\u00fcr Wischerbl\u00e4tter, damit Sie die Wischerbl\u00e4tter in Ihrem Auto selbst\u00e4ndig austauschen k\u00f6nnen.\" \/>\n<meta property=\"og:url\" content=\"https:\/\/bottari.it\/de\/wie-man-wischerblaetter-auswaehlt\/\" \/>\n<meta property=\"og:site_name\" content=\"Bottari.it\" \/>\n<meta property=\"article:publisher\" content=\"https:\/\/www.facebook.com\/bottarispa\" \/>\n<meta property=\"article:modified_time\" content=\"2023-01-19T11:20:18+00:00\" \/>\n<meta property=\"og:image\" content=\"https:\/\/bottari.it\/wp-content\/uploads\/2016\/07\/bottari_logo_retina.png\" \/>\n\t<meta property=\"og:image:width\" content=\"600\" \/>\n\t<meta property=\"og:image:height\" content=\"169\" \/>\n\t<meta property=\"og:image:type\" content=\"image\/png\" \/>\n<meta name=\"twitter:label1\" content=\"Gesch\u00e4tzte Lesezeit\" \/>\n\t<meta name=\"twitter:data1\" content=\"1\u00a0Minute\" \/>\n<script type=\"application\/ld+json\" class=\"yoast-schema-graph\">{\"@context\":\"https:\/\/schema.org\",\"@graph\":[{\"@type\":\"WebPage\",\"@id\":\"https:\/\/bottari.it\/de\/wie-man-wischerblaetter-auswaehlt\/\",\"url\":\"https:\/\/bottari.it\/de\/wie-man-wischerblaetter-auswaehlt\/\",\"name\":\"Anwendungstabellen f\u00fcr Wischerbl\u00e4tter - Bottari.it\",\"isPartOf\":{\"@id\":\"https:\/\/bottari.it\/de\/#website\"},\"datePublished\":\"2023-01-19T11:17:16+00:00\",\"dateModified\":\"2023-01-19T11:20:18+00:00\",\"description\":\"Anwendungstabellen f\u00fcr Wischerbl\u00e4tter, damit Sie die Wischerbl\u00e4tter in Ihrem Auto selbst\u00e4ndig austauschen k\u00f6nnen.\",\"breadcrumb\":{\"@id\":\"https:\/\/bottari.it\/de\/wie-man-wischerblaetter-auswaehlt\/#breadcrumb\"},\"inLanguage\":\"de\",\"potentialAction\":[{\"@type\":\"ReadAction\",\"target\":[\"https:\/\/bottari.it\/de\/wie-man-wischerblaetter-auswaehlt\/\"]}]},{\"@type\":\"BreadcrumbList\",\"@id\":\"https:\/\/bottari.it\/de\/wie-man-wischerblaetter-auswaehlt\/#breadcrumb\",\"itemListElement\":[{\"@type\":\"ListItem\",\"position\":1,\"name\":\"Home\",\"item\":\"https:\/\/bottari.it\/de\/\"},{\"@type\":\"ListItem\",\"position\":2,\"name\":\"Wie man Wischerbl\u00e4tter ausw\u00e4hlt\"}]},{\"@type\":\"WebSite\",\"@id\":\"https:\/\/bottari.it\/de\/#website\",\"url\":\"https:\/\/bottari.it\/de\/\",\"name\":\"Bottari.it\",\"description\":\"accessori per Auto, Moto, Bici, Veicoli commerciali e Camion\",\"publisher\":{\"@id\":\"https:\/\/bottari.it\/de\/#organization\"},\"potentialAction\":[{\"@type\":\"SearchAction\",\"target\":{\"@type\":\"EntryPoint\",\"urlTemplate\":\"https:\/\/bottari.it\/de\/?s={search_term_string}\"},\"query-input\":\"required name=search_term_string\"}],\"inLanguage\":\"de\"},{\"@type\":\"Organization\",\"@id\":\"https:\/\/bottari.it\/de\/#organization\",\"name\":\"BOTTARI S.p.a.\",\"url\":\"https:\/\/bottari.it\/de\/\",\"logo\":{\"@type\":\"ImageObject\",\"inLanguage\":\"de\",\"@id\":\"https:\/\/bottari.it\/de\/#\/schema\/logo\/image\/\",\"url\":\"https:\/\/bottari.it\/wp-content\/uploads\/2014\/03\/Logo-Bottari.png\",\"contentUrl\":\"https:\/\/bottari.it\/wp-content\/uploads\/2014\/03\/Logo-Bottari.png\",\"width\":1200,\"height\":1200,\"caption\":\"BOTTARI S.p.a.\"},\"image\":{\"@id\":\"https:\/\/bottari.it\/de\/#\/schema\/logo\/image\/\"},\"sameAs\":[\"https:\/\/www.instagram.com\/bottarispa\/\",\"https:\/\/www.linkedin.com\/company\/bottari-s.p.a.\",\"https:\/\/www.facebook.com\/bottarispa\"]}]}<\/script>\n<!-- \/ Yoast SEO plugin. -->","yoast_head_json":{"title":"Anwendungstabellen f\u00fcr Wischerbl\u00e4tter - Bottari.it","description":"Anwendungstabellen f\u00fcr Wischerbl\u00e4tter, damit Sie die Wischerbl\u00e4tter in Ihrem Auto selbst\u00e4ndig austauschen k\u00f6nnen.","robots":{"index":"index","follow":"follow","max-snippet":"max-snippet:-1","max-image-preview":"max-image-preview:large","max-video-preview":"max-video-preview:-1"},"canonical":"https:\/\/bottari.it\/de\/wie-man-wischerblaetter-auswaehlt\/","og_locale":"de_DE","og_type":"article","og_title":"Anwendungstabellen f\u00fcr Wischerbl\u00e4tter - Bottari.it","og_description":"Anwendungstabellen f\u00fcr Wischerbl\u00e4tter, damit Sie die Wischerbl\u00e4tter in Ihrem Auto selbst\u00e4ndig austauschen k\u00f6nnen.","og_url":"https:\/\/bottari.it\/de\/wie-man-wischerblaetter-auswaehlt\/","og_site_name":"Bottari.it","article_publisher":"https:\/\/www.facebook.com\/bottarispa","article_modified_time":"2023-01-19T11:20:18+00:00","og_image":[{"width":600,"height":169,"url":"https:\/\/bottari.it\/wp-content\/uploads\/2016\/07\/bottari_logo_retina.png","type":"image\/png"}],"twitter_misc":{"Gesch\u00e4tzte Lesezeit":"1\u00a0Minute"},"schema":{"@context":"https:\/\/schema.org","@graph":[{"@type":"WebPage","@id":"https:\/\/bottari.it\/de\/wie-man-wischerblaetter-auswaehlt\/","url":"https:\/\/bottari.it\/de\/wie-man-wischerblaetter-auswaehlt\/","name":"Anwendungstabellen f\u00fcr Wischerbl\u00e4tter - Bottari.it","isPartOf":{"@id":"https:\/\/bottari.it\/de\/#website"},"datePublished":"2023-01-19T11:17:16+00:00","dateModified":"2023-01-19T11:20:18+00:00","description":"Anwendungstabellen f\u00fcr Wischerbl\u00e4tter, damit Sie die Wischerbl\u00e4tter in Ihrem Auto selbst\u00e4ndig austauschen k\u00f6nnen.","breadcrumb":{"@id":"https:\/\/bottari.it\/de\/wie-man-wischerblaetter-auswaehlt\/#breadcrumb"},"inLanguage":"de","potentialAction":[{"@type":"ReadAction","target":["https:\/\/bottari.it\/de\/wie-man-wischerblaetter-auswaehlt\/"]}]},{"@type":"BreadcrumbList","@id":"https:\/\/bottari.it\/de\/wie-man-wischerblaetter-auswaehlt\/#breadcrumb","itemListElement":[{"@type":"ListItem","position":1,"name":"Home","item":"https:\/\/bottari.it\/de\/"},{"@type":"ListItem","position":2,"name":"Wie man Wischerbl\u00e4tter ausw\u00e4hlt"}]},{"@type":"WebSite","@id":"https:\/\/bottari.it\/de\/#website","url":"https:\/\/bottari.it\/de\/","name":"Bottari.it","description":"accessori per Auto, Moto, Bici, Veicoli commerciali e Camion","publisher":{"@id":"https:\/\/bottari.it\/de\/#organization"},"potentialAction":[{"@type":"SearchAction","target":{"@type":"EntryPoint","urlTemplate":"https:\/\/bottari.it\/de\/?s={search_term_string}"},"query-input":"required name=search_term_string"}],"inLanguage":"de"},{"@type":"Organization","@id":"https:\/\/bottari.it\/de\/#organization","name":"BOTTARI S.p.a.","url":"https:\/\/bottari.it\/de\/","logo":{"@type":"ImageObject","inLanguage":"de","@id":"https:\/\/bottari.it\/de\/#\/schema\/logo\/image\/","url":"https:\/\/bottari.it\/wp-content\/uploads\/2014\/03\/Logo-Bottari.png","contentUrl":"https:\/\/bottari.it\/wp-content\/uploads\/2014\/03\/Logo-Bottari.png","width":1200,"height":1200,"caption":"BOTTARI S.p.a."},"image":{"@id":"https:\/\/bottari.it\/de\/#\/schema\/logo\/image\/"},"sameAs":["https:\/\/www.instagram.com\/bottarispa\/","https:\/\/www.linkedin.com\/company\/bottari-s.p.a.","https:\/\/www.facebook.com\/bottarispa"]}]}},"_links":{"self":[{"href":"https:\/\/bottari.it\/de\/wp-json\/wp\/v2\/pages\/29164"}],"collection":[{"href":"https:\/\/bottari.it\/de\/wp-json\/wp\/v2\/pages"}],"about":[{"href":"https:\/\/bottari.it\/de\/wp-json\/wp\/v2\/types\/page"}],"author":[{"embeddable":true,"href":"https:\/\/bottari.it\/de\/wp-json\/wp\/v2\/users\/2"}],"replies":[{"embeddable":true,"href":"https:\/\/bottari.it\/de\/wp-json\/wp\/v2\/comments?post=29164"}],"version-history":[{"count":2,"href":"https:\/\/bottari.it\/de\/wp-json\/wp\/v2\/pages\/29164\/revisions"}],"predecessor-version":[{"id":29181,"href":"https:\/\/bottari.it\/de\/wp-json\/wp\/v2\/pages\/29164\/revisions\/29181"}],"wp:attachment":[{"href":"https:\/\/bottari.it\/de\/wp-json\/wp\/v2\/media?parent=29164"}],"curies":[{"name":"wp","href":"https:\/\/api.w.org\/{rel}","templated":true}]}}