{"id":29137,"date":"2023-01-19T12:17:10","date_gmt":"2023-01-19T11:17:10","guid":{"rendered":"https:\/\/bottari.it\/produkte\/"},"modified":"2023-01-30T10:42:46","modified_gmt":"2023-01-30T09:42:46","slug":"produkte","status":"publish","type":"page","link":"https:\/\/bottari.it\/de\/produkte\/","title":{"rendered":"Produkte"},"content":{"rendered":"<p>[vc_row bottom_padding=&#8220;60&#8243; bg_position=&#8220;left top&#8220;][vc_column][vc_column_text]<\/p>\n<h1 style=\"text-align: center;\">Zubeh\u00f6r f\u00fcr Autos, Fahrr\u00e4der, Nutzfahrzeuge und Lastwagen.<\/h1>\n<p>[\/vc_column_text][vc_column_text]<\/p>\n<p style=\"text-align: center;\">Entdecken Sie jetzt unsere Produkte zur Pflege und individuellen Gestaltung Ihres Lieblingsfahrzeugs f\u00fcr ein besseres Fahrerlebnis!<\/p>\n<p>[\/vc_column_text][\/vc_column][\/vc_row][vc_row top_padding=&#8220;50&#8243; bottom_padding=&#8220;70&#8243; class=&#8220;counter_chisiamo&#8220;][vc_column width=&#8220;1\/12&#8243;][\/vc_column][vc_column width=&#8220;2\/12&#8243;]<div class=\"single_image wpb_content_element align-center    \" data-animation=\"none\" data-delay=\"0\"><img width=\"70\" height=\"70\" src=\"https:\/\/bottari.it\/wp-content\/uploads\/2022\/10\/Nascita_azienda.png\" class=\"attachment-full\" alt=\"\" loading=\"lazy\" \/><\/div><h3 class=\"headline font-inherit fontsize-m fontweight-inherit lh-inherit align-center transform-inherit \" style=\"margin: -10px 0 20px 0; color: #333333;\">Gr\u00fcndung des Unternehmens<\/h3><div class=\"counter clearfix wpb_content_element\"><div class=\"counter-number\" style=\"color: #666666 !important;\">1958<\/div><span class=\"counter-title\"><\/span><\/div>[\/vc_column][vc_column el_class=&#8220;counterbox&#8220; width=&#8220;2\/12&#8243;]<div class=\"single_image wpb_content_element align-center    \" data-animation=\"none\" data-delay=\"0\"><img width=\"70\" height=\"70\" src=\"https:\/\/bottari.it\/wp-content\/uploads\/2022\/10\/Referenze.png\" class=\"attachment-full\" alt=\"\" loading=\"lazy\" \/><\/div><h3 class=\"headline font-inherit fontsize-m fontweight-inherit lh-inherit align-center transform-inherit \" style=\"margin: -10px 0 20px 0; color: #333333;\">Referenzen<\/h3><div class=\"counter clearfix wpb_content_element\"><div class=\"counter-number\" style=\"color: #666666 !important;\">9000<\/div><span class=\"counter-title\">+ <\/span><\/div>[\/vc_column][vc_column el_class=&#8220;counterbox&#8220; width=&#8220;2\/12&#8243;]<div class=\"single_image wpb_content_element align-center    \" data-animation=\"none\" data-delay=\"0\"><img width=\"70\" height=\"70\" src=\"https:\/\/bottari.it\/wp-content\/uploads\/2022\/10\/Paesi_nel_mondo.png\" class=\"attachment-full\" alt=\"\" loading=\"lazy\" \/><\/div><h3 class=\"headline font-inherit fontsize-m fontweight-inherit lh-inherit align-center transform-inherit \" style=\"margin: -10px 0 20px 0; color: #333333;\">Bediente L\u00e4nder in der Welt<\/h3><div class=\"counter clearfix wpb_content_element\"><div class=\"counter-number\" style=\"color: #666666 !important;\">66<\/div><span class=\"counter-title\">+ <\/span><\/div>[\/vc_column][vc_column el_class=&#8220;counterbox&#8220; width=&#8220;2\/12&#8243;]<div class=\"single_image wpb_content_element align-center    \" data-animation=\"none\" data-delay=\"0\"><img width=\"70\" height=\"70\" src=\"https:\/\/bottari.it\/wp-content\/uploads\/2022\/10\/Magazzini.png\" class=\"attachment-full\" alt=\"\" loading=\"lazy\" \/><\/div>[vc_column_text]<\/p>\n<h3 style=\"text-align: center;\"><sup style=\"font-size: 20px;\">m\u00b2<\/sup> \u00fcberdachte Lagerfl\u00e4che<\/h3>\n<p>[\/vc_column_text]<div class=\"counter clearfix wpb_content_element\"><div class=\"counter-number\" style=\"color: #666666 !important;\">45000<\/div><span class=\"counter-title\">+<\/span><\/div>[\/vc_column][vc_column el_class=&#8220;counterbox&#8220; width=&#8220;2\/12&#8243;]<div class=\"single_image wpb_content_element align-center    \" data-animation=\"none\" data-delay=\"0\"><img width=\"70\" height=\"70\" src=\"https:\/\/bottari.it\/wp-content\/uploads\/2022\/10\/Pallet_in_stock.png\" class=\"attachment-full\" alt=\"\" loading=\"lazy\" \/><\/div><h3 class=\"headline font-inherit fontsize-m fontweight-inherit lh-inherit align-center transform-inherit \" style=\"margin: -10px 0 20px 0; color: #333333;\">Paletten auf Lager<\/h3><div class=\"counter clearfix wpb_content_element\"><div class=\"counter-number\" style=\"color: #666666 !important;\">58000<\/div><span class=\"counter-title\">+<\/span><\/div>[\/vc_column][vc_column width=&#8220;1\/12&#8243;][\/vc_column][\/vc_row][vc_row type=&#8220;full_width_section&#8220; bg_color=&#8220;#ffffff&#8220; top_padding=&#8220;0&#8243; bottom_padding=&#8220;0&#8243; class=&#8220;box-prodotti&#8220; row_id=&#8220;Auto-Zubehor&#8220; bg_position=&#8220;left top&#8220;][vc_column el_class=&#8220;bg-prodotti&#8220; bg_color=&#8220;#023e7c&#8220; column_padding=&#8220;padding-3&#8243; column_center=&#8220;true&#8220; text_color=&#8220;custom&#8220; custom_text_color=&#8220;#ffffff&#8220; width=&#8220;1\/4&#8243;]<h3 class=\"headline font-inherit fontsize-l fontweight-700 lh-inherit align-center transform-inherit \" style=\"margin: 0 0 20px 0; color: #ffffff;\">Auto<\/h3>[vc_column_text]Spezifische Produkte und Zubeh\u00f6r f\u00fcr Ihr Auto oder Nutzfahrzeug. In dieser Rubrik finden Sie zahlreiche hochwertige Artikel, die Ihrem Auto eine originelle und attraktive Note verleihen: vom Innenzubeh\u00f6r bis zum Au\u00dfenzubeh\u00f6r.[\/vc_column_text]<a href=\"https:\/\/www.bottarishop.it\/de\/178-innere\" target=\"_blank\" class=\"button color-1 medium \" style=\"border-radius: 1px;\">Entdecken Sie alle Produkte<\/a>[\/vc_column][vc_column column_padding=&#8220;padding-3&#8243; text_color=&#8220;custom&#8220; custom_text_color=&#8220;#0a0a0a&#8220; text_align=&#8220;center&#8220; width=&#8220;3\/4&#8243;][vc_row_inner][vc_column_inner width=&#8220;1\/4&#8243; css=&#8220;.vc_custom_1663748670767{padding-right: 10px !important;padding-left: 10px !important;}&#8220;]<div class=\"imagebox wpb_content_element style-1\"><div class=\"imagebox-img\"><a href='https:\/\/www.bottarishop.it\/de\/179-tierzubehor'><img src=\"https:\/\/bottari.it\/wp-content\/uploads\/2022\/09\/Accessori-per-animali-domestici.jpeg\" alt=\"\" \/><\/a><\/div><a href=\"https:\/\/www.bottarishop.it\/de\/179-tierzubehor\">Zubeh\u00f6r f\u00fcr Haustiere<\/a><\/div>[\/vc_column_inner][vc_column_inner width=&#8220;1\/4&#8243; css=&#8220;.vc_custom_1663748662262{padding-right: 10px !important;padding-left: 10px !important;}&#8220;]<div class=\"imagebox wpb_content_element style-1\"><div class=\"imagebox-img\"><a href='https:\/\/www.bottarishop.it\/de\/212-auto-motorrad-batterien-und-zubehoer'><img src=\"https:\/\/bottari.it\/wp-content\/uploads\/2022\/09\/Batterie.jpeg\" alt=\"\" \/><\/a><\/div><a href=\"https:\/\/www.bottarishop.it\/de\/212-auto-motorrad-batterien-und-zubehoer\">Batterien<\/a><\/div>[\/vc_column_inner][vc_column_inner width=&#8220;1\/4&#8243; css=&#8220;.vc_custom_1663748677655{padding-right: 10px !important;padding-left: 10px !important;}&#8220;]<div class=\"imagebox wpb_content_element style-1\"><div class=\"imagebox-img\"><a href='https:\/\/www.bottarishop.it\/de\/295-ketten'><img src=\"https:\/\/bottari.it\/wp-content\/uploads\/2022\/09\/catene-e-calze-da-neve.jpeg\" alt=\"\" \/><\/a><\/div><a href=\"https:\/\/www.bottarishop.it\/de\/295-ketten\">Schneeketten und Schneesocken<\/a><\/div>[\/vc_column_inner][vc_column_inner width=&#8220;1\/4&#8243; css=&#8220;.vc_custom_1663748684306{padding-right: 10px !important;padding-left: 10px !important;}&#8220;]<div class=\"imagebox wpb_content_element style-1\"><div class=\"imagebox-img\"><a href='https:\/\/www.bottarishop.it\/de\/195-automatten'><img src=\"https:\/\/bottari.it\/wp-content\/uploads\/2022\/09\/tappetini-per-auto.jpeg\" alt=\"\" \/><\/a><\/div><a href=\"https:\/\/www.bottarishop.it\/de\/195-automatten\">Automatten<\/a><\/div>[\/vc_column_inner][\/vc_row_inner][\/vc_column][\/vc_row][vc_row type=&#8220;full_width_section&#8220; bg_image=&#8220;26156&#8243; text_color=&#8220;custom&#8220; custom_text_color=&#8220;#ffffff&#8220; top_padding=&#8220;60&#8243; bottom_padding=&#8220;100&#8243;][vc_column text_color=&#8220;custom&#8220; custom_text_color=&#8220;#ffffff&#8220; text_align=&#8220;center&#8220; width=&#8220;1\/1&#8243;][vc_column_text el_class=&#8220;manutenzione_prodotti&#8220;]<\/p>\n<h4 style=\"text-align: center; font-size: 30px;\"><strong><a href=\"https:\/\/www.bottarishop.it\/de\/201-garage-und-auto-motorrad-fahrrad-wartung\">Wartung und Ersatzteile<\/a><\/strong><\/h4>\n<p>[\/vc_column_text][\/vc_column][\/vc_row][vc_row type=&#8220;full_width_section&#8220; bg_color=&#8220;#ffffff&#8220; top_padding=&#8220;0&#8243; bottom_padding=&#8220;0&#8243; class=&#8220;box-prodotti&#8220; row_id=&#8220;Motorrad-und-Fahrradzubehor&#8220; bg_position=&#8220;left top&#8220;][vc_column el_class=&#8220;bg-prodotti&#8220; bg_color=&#8220;#023e7c&#8220; column_padding=&#8220;padding-3&#8243; column_center=&#8220;true&#8220; text_color=&#8220;custom&#8220; custom_text_color=&#8220;#ffffff&#8220; width=&#8220;1\/4&#8243;]<h3 class=\"headline font-inherit fontsize-l fontweight-700 lh-inherit align-center transform-inherit \" style=\"margin: 0 0 20px 0; color: #ffffff;\">Motorr\u00e4der und Fahrr\u00e4der<\/h3>[vc_column_text]Spezifische Produkte und Zubeh\u00f6r f\u00fcr Ihr Motorrad und Fahrrad. In dieser Rubrik finden Sie viel n\u00fctzliches Zubeh\u00f6r f\u00fcr ein sicheres Fahren.[\/vc_column_text]<a href=\"https:\/\/www.bottarishop.it\/de\/241-motorrad\" target=\"_blank\" class=\"button color-1 medium \" style=\"border-radius: 1px;\">Entdecken Sie alle Produkte<\/a>[\/vc_column][vc_column column_padding=&#8220;padding-3&#8243; text_align=&#8220;center&#8220; width=&#8220;3\/4&#8243;][vc_row_inner][vc_column_inner width=&#8220;1\/4&#8243; css=&#8220;.vc_custom_1663748670767{padding-right: 10px !important;padding-left: 10px !important;}&#8220;]<div class=\"imagebox wpb_content_element style-1\"><div class=\"imagebox-img\"><a href='https:\/\/www.bottarishop.it\/de\/244-sonstiges-motorradzubehoer'><img src=\"https:\/\/bottari.it\/wp-content\/uploads\/2022\/09\/accessori-moto.jpeg\" alt=\"\" \/><\/a><\/div><a href=\"https:\/\/www.bottarishop.it\/de\/244-sonstiges-motorradzubehoer\">Zubeh\u00f6r f\u00fcr Motorr\u00e4der<\/a><\/div>[\/vc_column_inner][vc_column_inner width=&#8220;1\/4&#8243; css=&#8220;.vc_custom_1663748662262{padding-right: 10px !important;padding-left: 10px !important;}&#8220;]<div class=\"imagebox wpb_content_element style-1\"><div class=\"imagebox-img\"><a href='https:\/\/www.bottarishop.it\/de\/242-motorradhelme'><img src=\"https:\/\/bottari.it\/wp-content\/uploads\/2022\/09\/caschi.jpeg\" alt=\"\" \/><\/a><\/div><a href=\"https:\/\/www.bottarishop.it\/de\/242-motorradhelme\">Helme<\/a><\/div>[\/vc_column_inner][vc_column_inner width=&#8220;1\/4&#8243; css=&#8220;.vc_custom_1663748677655{padding-right: 10px !important;padding-left: 10px !important;}&#8220;]<div class=\"imagebox wpb_content_element style-1\"><div class=\"imagebox-img\"><a href='https:\/\/www.bottarishop.it\/de\/233-fahrradzubehor'><img src=\"https:\/\/bottari.it\/wp-content\/uploads\/2022\/09\/sicurezza-in-bici.jpeg\" alt=\"\" \/><\/a><\/div><a href=\"https:\/\/www.bottarishop.it\/de\/233-fahrradzubehor\">Sicherheit beim Radfahren<\/a><\/div>[\/vc_column_inner][vc_column_inner width=&#8220;1\/4&#8243; css=&#8220;.vc_custom_1663748684306{padding-right: 10px !important;padding-left: 10px !important;}&#8220;]<div class=\"imagebox wpb_content_element style-1\"><div class=\"imagebox-img\"><a href='https:\/\/www.bottarishop.it\/de\/238-fahrrad-ersatzteile'><img src=\"https:\/\/bottari.it\/wp-content\/uploads\/2022\/09\/ricambi-per-bici.jpeg\" alt=\"\" \/><\/a><\/div><a href=\"https:\/\/www.bottarishop.it\/de\/238-fahrrad-ersatzteile\">Fahrrad-Ersatzteile<\/a><\/div>[\/vc_column_inner][\/vc_row_inner][\/vc_column][\/vc_row]<\/p>\n","protected":false},"excerpt":{"rendered":"<p>[vc_row bottom_padding=&#8220;60&#8243; bg_position=&#8220;left top&#8220;][vc_column][vc_column_text] Zubeh\u00f6r f\u00fcr Autos, Fahrr\u00e4der, Nutzfahrzeuge und Lastwagen. [\/vc_column_text][vc_column_text] Entdecken Sie jetzt unsere Produkte zur Pflege und individuellen Gestaltung Ihres Lieblingsfahrzeugs f\u00fcr ein besseres Fahrerlebnis! [\/vc_column_text][\/vc_column][\/vc_row][vc_row top_padding=&#8220;50&#8243; bottom_padding=&#8220;70&#8243; class=&#8220;counter_chisiamo&#8220;][vc_column width=&#8220;1\/12&#8243;][\/vc_column][vc_column width=&#8220;2\/12&#8243;][\/vc_column][vc_column el_class=&#8220;counterbox&#8220; [&hellip;]<\/p>\n","protected":false},"author":2,"featured_media":0,"parent":0,"menu_order":40,"comment_status":"closed","ping_status":"closed","template":"","meta":[],"yoast_head":"<!-- This site is optimized with the Yoast SEO plugin v19.9 - https:\/\/yoast.com\/wordpress\/plugins\/seo\/ -->\n<title>Produkte, alle Kategorien von Autozubeh\u00f6r - Bottari.it<\/title>\n<meta name=\"description\" content=\"Alle Bottari Produkte nach Kategorie. Zu jedem Produkttyp gibt es den entsprechenden Katalog im pdf-Format.\" \/>\n<meta name=\"robots\" content=\"index, follow, max-snippet:-1, max-image-preview:large, max-video-preview:-1\" \/>\n<link rel=\"canonical\" href=\"https:\/\/bottari.it\/de\/produkte\/\" \/>\n<meta property=\"og:locale\" content=\"de_DE\" \/>\n<meta property=\"og:type\" content=\"article\" \/>\n<meta property=\"og:title\" content=\"Produkte, alle Kategorien von Autozubeh\u00f6r - Bottari.it\" \/>\n<meta property=\"og:description\" content=\"Alle Bottari Produkte nach Kategorie. Zu jedem Produkttyp gibt es den entsprechenden Katalog im pdf-Format.\" \/>\n<meta property=\"og:url\" content=\"https:\/\/bottari.it\/de\/produkte\/\" \/>\n<meta property=\"og:site_name\" content=\"Bottari.it\" \/>\n<meta property=\"article:publisher\" content=\"https:\/\/www.facebook.com\/bottarispa\" \/>\n<meta property=\"article:modified_time\" content=\"2023-01-30T09:42:46+00:00\" \/>\n<meta property=\"og:image\" content=\"https:\/\/bottari.it\/wp-content\/uploads\/2016\/07\/bottari_logo_retina.png\" \/>\n\t<meta property=\"og:image:width\" content=\"600\" \/>\n\t<meta property=\"og:image:height\" content=\"169\" \/>\n\t<meta property=\"og:image:type\" content=\"image\/png\" \/>\n<meta name=\"twitter:label1\" content=\"Gesch\u00e4tzte Lesezeit\" \/>\n\t<meta name=\"twitter:data1\" content=\"2\u00a0Minuten\" \/>\n<script type=\"application\/ld+json\" class=\"yoast-schema-graph\">{\"@context\":\"https:\/\/schema.org\",\"@graph\":[{\"@type\":\"WebPage\",\"@id\":\"https:\/\/bottari.it\/de\/produkte\/\",\"url\":\"https:\/\/bottari.it\/de\/produkte\/\",\"name\":\"Produkte, alle Kategorien von Autozubeh\u00f6r - Bottari.it\",\"isPartOf\":{\"@id\":\"https:\/\/bottari.it\/de\/#website\"},\"datePublished\":\"2023-01-19T11:17:10+00:00\",\"dateModified\":\"2023-01-30T09:42:46+00:00\",\"description\":\"Alle Bottari Produkte nach Kategorie. Zu jedem Produkttyp gibt es den entsprechenden Katalog im pdf-Format.\",\"breadcrumb\":{\"@id\":\"https:\/\/bottari.it\/de\/produkte\/#breadcrumb\"},\"inLanguage\":\"de\",\"potentialAction\":[{\"@type\":\"ReadAction\",\"target\":[\"https:\/\/bottari.it\/de\/produkte\/\"]}]},{\"@type\":\"BreadcrumbList\",\"@id\":\"https:\/\/bottari.it\/de\/produkte\/#breadcrumb\",\"itemListElement\":[{\"@type\":\"ListItem\",\"position\":1,\"name\":\"Home\",\"item\":\"https:\/\/bottari.it\/de\/\"},{\"@type\":\"ListItem\",\"position\":2,\"name\":\"Produkte\"}]},{\"@type\":\"WebSite\",\"@id\":\"https:\/\/bottari.it\/de\/#website\",\"url\":\"https:\/\/bottari.it\/de\/\",\"name\":\"Bottari.it\",\"description\":\"accessori per Auto, Moto, Bici, Veicoli commerciali e Camion\",\"publisher\":{\"@id\":\"https:\/\/bottari.it\/de\/#organization\"},\"potentialAction\":[{\"@type\":\"SearchAction\",\"target\":{\"@type\":\"EntryPoint\",\"urlTemplate\":\"https:\/\/bottari.it\/de\/?s={search_term_string}\"},\"query-input\":\"required name=search_term_string\"}],\"inLanguage\":\"de\"},{\"@type\":\"Organization\",\"@id\":\"https:\/\/bottari.it\/de\/#organization\",\"name\":\"BOTTARI S.p.a.\",\"url\":\"https:\/\/bottari.it\/de\/\",\"logo\":{\"@type\":\"ImageObject\",\"inLanguage\":\"de\",\"@id\":\"https:\/\/bottari.it\/de\/#\/schema\/logo\/image\/\",\"url\":\"https:\/\/bottari.it\/wp-content\/uploads\/2014\/03\/Logo-Bottari.png\",\"contentUrl\":\"https:\/\/bottari.it\/wp-content\/uploads\/2014\/03\/Logo-Bottari.png\",\"width\":1200,\"height\":1200,\"caption\":\"BOTTARI S.p.a.\"},\"image\":{\"@id\":\"https:\/\/bottari.it\/de\/#\/schema\/logo\/image\/\"},\"sameAs\":[\"https:\/\/www.instagram.com\/bottarispa\/\",\"https:\/\/www.linkedin.com\/company\/bottari-s.p.a.\",\"https:\/\/www.facebook.com\/bottarispa\"]}]}<\/script>\n<!-- \/ Yoast SEO plugin. -->","yoast_head_json":{"title":"Produkte, alle Kategorien von Autozubeh\u00f6r - Bottari.it","description":"Alle Bottari Produkte nach Kategorie. Zu jedem Produkttyp gibt es den entsprechenden Katalog im pdf-Format.","robots":{"index":"index","follow":"follow","max-snippet":"max-snippet:-1","max-image-preview":"max-image-preview:large","max-video-preview":"max-video-preview:-1"},"canonical":"https:\/\/bottari.it\/de\/produkte\/","og_locale":"de_DE","og_type":"article","og_title":"Produkte, alle Kategorien von Autozubeh\u00f6r - Bottari.it","og_description":"Alle Bottari Produkte nach Kategorie. Zu jedem Produkttyp gibt es den entsprechenden Katalog im pdf-Format.","og_url":"https:\/\/bottari.it\/de\/produkte\/","og_site_name":"Bottari.it","article_publisher":"https:\/\/www.facebook.com\/bottarispa","article_modified_time":"2023-01-30T09:42:46+00:00","og_image":[{"width":600,"height":169,"url":"https:\/\/bottari.it\/wp-content\/uploads\/2016\/07\/bottari_logo_retina.png","type":"image\/png"}],"twitter_misc":{"Gesch\u00e4tzte Lesezeit":"2\u00a0Minuten"},"schema":{"@context":"https:\/\/schema.org","@graph":[{"@type":"WebPage","@id":"https:\/\/bottari.it\/de\/produkte\/","url":"https:\/\/bottari.it\/de\/produkte\/","name":"Produkte, alle Kategorien von Autozubeh\u00f6r - Bottari.it","isPartOf":{"@id":"https:\/\/bottari.it\/de\/#website"},"datePublished":"2023-01-19T11:17:10+00:00","dateModified":"2023-01-30T09:42:46+00:00","description":"Alle Bottari Produkte nach Kategorie. Zu jedem Produkttyp gibt es den entsprechenden Katalog im pdf-Format.","breadcrumb":{"@id":"https:\/\/bottari.it\/de\/produkte\/#breadcrumb"},"inLanguage":"de","potentialAction":[{"@type":"ReadAction","target":["https:\/\/bottari.it\/de\/produkte\/"]}]},{"@type":"BreadcrumbList","@id":"https:\/\/bottari.it\/de\/produkte\/#breadcrumb","itemListElement":[{"@type":"ListItem","position":1,"name":"Home","item":"https:\/\/bottari.it\/de\/"},{"@type":"ListItem","position":2,"name":"Produkte"}]},{"@type":"WebSite","@id":"https:\/\/bottari.it\/de\/#website","url":"https:\/\/bottari.it\/de\/","name":"Bottari.it","description":"accessori per Auto, Moto, Bici, Veicoli commerciali e Camion","publisher":{"@id":"https:\/\/bottari.it\/de\/#organization"},"potentialAction":[{"@type":"SearchAction","target":{"@type":"EntryPoint","urlTemplate":"https:\/\/bottari.it\/de\/?s={search_term_string}"},"query-input":"required name=search_term_string"}],"inLanguage":"de"},{"@type":"Organization","@id":"https:\/\/bottari.it\/de\/#organization","name":"BOTTARI S.p.a.","url":"https:\/\/bottari.it\/de\/","logo":{"@type":"ImageObject","inLanguage":"de","@id":"https:\/\/bottari.it\/de\/#\/schema\/logo\/image\/","url":"https:\/\/bottari.it\/wp-content\/uploads\/2014\/03\/Logo-Bottari.png","contentUrl":"https:\/\/bottari.it\/wp-content\/uploads\/2014\/03\/Logo-Bottari.png","width":1200,"height":1200,"caption":"BOTTARI S.p.a."},"image":{"@id":"https:\/\/bottari.it\/de\/#\/schema\/logo\/image\/"},"sameAs":["https:\/\/www.instagram.com\/bottarispa\/","https:\/\/www.linkedin.com\/company\/bottari-s.p.a.","https:\/\/www.facebook.com\/bottarispa"]}]}},"_links":{"self":[{"href":"https:\/\/bottari.it\/de\/wp-json\/wp\/v2\/pages\/29137"}],"collection":[{"href":"https:\/\/bottari.it\/de\/wp-json\/wp\/v2\/pages"}],"about":[{"href":"https:\/\/bottari.it\/de\/wp-json\/wp\/v2\/types\/page"}],"author":[{"embeddable":true,"href":"https:\/\/bottari.it\/de\/wp-json\/wp\/v2\/users\/2"}],"replies":[{"embeddable":true,"href":"https:\/\/bottari.it\/de\/wp-json\/wp\/v2\/comments?post=29137"}],"version-history":[{"count":12,"href":"https:\/\/bottari.it\/de\/wp-json\/wp\/v2\/pages\/29137\/revisions"}],"predecessor-version":[{"id":34146,"href":"https:\/\/bottari.it\/de\/wp-json\/wp\/v2\/pages\/29137\/revisions\/34146"}],"wp:attachment":[{"href":"https:\/\/bottari.it\/de\/wp-json\/wp\/v2\/media?parent=29137"}],"curies":[{"name":"wp","href":"https:\/\/api.w.org\/{rel}","templated":true}]}}