{"id":29133,"date":"2023-01-19T12:17:09","date_gmt":"2023-01-19T11:17:09","guid":{"rendered":"https:\/\/bottari.it\/reifen\/"},"modified":"2023-01-19T12:20:15","modified_gmt":"2023-01-19T11:20:15","slug":"reifen","status":"publish","type":"page","link":"https:\/\/bottari.it\/de\/reifen\/","title":{"rendered":"Reifen"},"content":{"rendered":"<p>[vc_row type=&#8220;full_width_section&#8220; bottom_padding=&#8220;20&#8243;][vc_column column_padding=&#8220;padding-4&#8243; column_center=&#8220;true&#8220; width=&#8220;2\/3&#8243;]<h1 class=\"headline font-inherit fontsize-xxxl fontweight-700 lh-inherit align-left transform-inherit \" style=\"margin: 0 0 0 0;\">Guida alla lettura dei codici Pneumatico<\/h1><h1 class=\"headline font-inherit fontsize-xxl fontweight-500 lh-inherit align-left transform-inherit \" style=\"margin: 0 0 20px 0;\">Pneumatici, sembrano tutti uguali ma in realt\u00e0 non lo sono.<\/h1>[vc_column_text]<\/p>\n<h2 style=\"text-align: justify;\">235\/55 R17 99W Reifen oder 205\/55 R13 91H Reifen? Was bedeuten diese Codes und wo kann man sie finden?<\/h2>\n<h2 style=\"text-align: justify;\">Weitere Informationen zu Ihrem Reifen finden Sie in der Betriebsanleitung Ihres Fahrzeugs oder im Fahrzeugschein.<\/h2>\n<h2 style=\"text-align: justify;\">Die praktischste L\u00f6sung bleibt jedoch das Lesen der Codes, die wir auf der Reifenschulter finden und die direkt auf dem Reifen aufgedruckt sind.<\/h2>\n<h2 style=\"text-align: justify;\">Bei diesen Codes handelt es sich nicht um fortlaufende oder erfundene Zahlen, sondern sie haben eine bestimmte Bedeutung und bezeichnen genau das Zahnfleisch, auf dem sie aufgedruckt sind.<\/h2>\n<p>[\/vc_column_text][\/vc_column][vc_column column_center=&#8220;true&#8220; width=&#8220;1\/3&#8243;]<div class=\"single_image wpb_content_element align-right  animate   \" data-animation=\"fade-in-from-right\" data-delay=\"0\"><\/div>[\/vc_column][\/vc_row][vc_row type=&#8220;full_width_section&#8220; bg_color=&#8220;#eaeaea&#8220; top_padding=&#8220;20&#8243;][vc_column width=&#8220;1\/1&#8243;]<h1 class=\"headline font-inherit fontsize-xxxl fontweight-600 lh-inherit align-center transform-inherit \" style=\"margin: 0 0 20px 0;\">Analysieren wir den Code und erkl\u00e4ren wir, aus welchen Teilen er sich zusammensetzt<\/h1>[\/vc_column][\/vc_row][vc_row type=&#8220;full_width_section&#8220; bg_color=&#8220;#eaeaea&#8220;][vc_column column_center=&#8220;true&#8220; width=&#8220;2\/3&#8243;]<div class=\"single_image wpb_content_element align-right    \" data-animation=\"none\" data-delay=\"0\"><\/div>[\/vc_column][vc_column column_padding=&#8220;padding-4&#8243; width=&#8220;1\/3&#8243;][vc_column_text]<\/p>\n<h1>Code-Beispiel:<\/h1>\n<h1><span style=\"color: #ff0000;\">205\/55<\/span><span style=\"color: #ff0000;\">R16 91H<\/span><\/h1>\n<h1>Teile des Codes:<\/h1>\n<h1><span style=\"color: #ff0000;\">[205<\/span>]\/<span style=\"color: #ff0000;\">[55<\/span>]<span style=\"color: #ff0000;\">[R<\/span>]<span style=\"color: #ff0000;\">[16<\/span>]<span style=\"color: #ff0000;\">[91<\/span>]<span style=\"color: #ff0000;\">[H<\/span>]<\/h1>\n<h1>Bedeutung:<\/h1>\n<h1><span style=\"color: #ff0000;\">[Breite<\/span>] \/<span style=\"color: #ff0000;\">[H\u00f6he<\/span>]<span style=\"color: #ff0000;\">[Reifentyp<\/span>]<span style=\"color: #ff0000;\">[Felgendurchmesser<\/span>]<span style=\"color: #ff0000;\">[Tragf\u00e4higkeitsindex<\/span>]<span style=\"color: #ff0000;\">[Geschwindigkeitscode<\/span>]<\/h1>\n<p>[\/vc_column_text][\/vc_column][\/vc_row][vc_row type=&#8220;full_width_section&#8220; bottom_padding=&#8220;40&#8243;][vc_column column_padding=&#8220;padding-4&#8243; width=&#8220;1\/2&#8243;][vc_column_text]<\/p>\n<h3 style=\"text-align: justify;\"><strong>Breite<\/strong><\/h3>\n<h3 style=\"text-align: justify;\">Die erste Zahl, die wir unter [205] finden, gibt die Reifenbreite in Millimetern an. Normalerweise liegen die Werte zwischen 125 und 335.<\/h3>\n<h3 style=\"text-align: justify;\"><strong>H\u00f6he<\/strong><\/h3>\n<h3 style=\"text-align: justify;\">Die zweite Zahl, der ein &#8222;\/&#8220; vorangestellt ist, gibt die H\u00f6he des Reifens an. Dieser Wert wird jedoch als Prozentsatz der Breite ausgedr\u00fcckt. Wird dieser Wert nicht angegeben, so ist er als 80 zu betrachten.<\/h3>\n<h3 style=\"text-align: justify;\"><b>Reifentyp<\/b><\/h3>\n<h3 style=\"text-align: justify;\">Der Buchstabe unmittelbar nach der H\u00f6he, der h\u00e4ufigste ist &#8222;R&#8220;, steht also f\u00fcr die Bauart des Reifens. &#8222;R&#8220; steht f\u00fcr Radial, &#8222;ZR&#8220; f\u00fcr High Speed, &#8222;RF&#8220; f\u00fcr Run Flat.<\/h3>\n<p>[\/vc_column_text][\/vc_column][vc_column column_padding=&#8220;padding-4&#8243; width=&#8220;1\/2&#8243;][vc_column_text]<\/p>\n<h3 style=\"text-align: justify;\"><strong>Felgendurchmesser<\/strong><\/h3>\n<h3 style=\"text-align: justify;\">Die Zahl unmittelbar nach dem Reifentyp gibt den Durchmesser des Reifens an, genauer gesagt den der inneren Felge. Dieser Wert wird in Zoll angegeben. olly-Werte zwischen 10 und 23 Zoll f\u00fcr Autos.<\/h3>\n<h3 style=\"text-align: justify;\"><strong>Lastindex<\/strong><\/h3>\n<h3 style=\"text-align: justify;\">Die letzte Zahl gibt die H\u00f6chstlast an, die von jedem einzelnen Reifen getragen werden kann. Dieser Wert ist mit dem Geschwindigkeitscode verkn\u00fcpft, ohne den er keinen Wert hat.<\/h3>\n<h3 style=\"text-align: justify;\"><strong>Geschwindigkeitscode<\/strong><\/h3>\n<h3 style=\"text-align: justify;\">Der letzte Buchstabe bestimmt die H\u00f6chstgeschwindigkeit bei Volllast f\u00fcr diesen Reifen. Diese Geschwindigkeit ist im Allgemeinen h\u00f6her als die tats\u00e4chliche Geschwindigkeit des Fahrzeugs.<\/h3>\n<p>[\/vc_column_text][\/vc_column][\/vc_row][vc_row type=&#8220;full_width_section&#8220; bg_color=&#8220;#eaeaea&#8220; text_align=&#8220;center&#8220; top_padding=&#8220;20&#8243; bottom_padding=&#8220;20&#8243;][vc_column width=&#8220;1\/1&#8243;][vc_column_text]<\/p>\n<h4 style=\"text-align: center;\">Es gibt jedoch Ausnahmen f\u00fcr Winterreifen und einige L\u00e4nder. Alle diese Informationen sind in der Betriebsanleitung des Fahrzeugs und im Fahrzeugschein ausf\u00fchrlich beschrieben.<\/h4>\n<p>[\/vc_column_text][\/vc_column][\/vc_row]<\/p>\n","protected":false},"excerpt":{"rendered":"<p>[vc_row type=&#8220;full_width_section&#8220; bottom_padding=&#8220;20&#8243;][vc_column column_padding=&#8220;padding-4&#8243; column_center=&#8220;true&#8220; width=&#8220;2\/3&#8243;][vc_column_text] 235\/55 R17 99W Reifen oder 205\/55 R13 91H Reifen? Was bedeuten diese Codes und wo kann man sie finden? Weitere Informationen zu Ihrem Reifen finden Sie in der Betriebsanleitung [&hellip;]<\/p>\n","protected":false},"author":2,"featured_media":0,"parent":0,"menu_order":140,"comment_status":"closed","ping_status":"closed","template":"","meta":[],"yoast_head":"<!-- This site is optimized with the Yoast SEO plugin v19.9 - https:\/\/yoast.com\/wordpress\/plugins\/seo\/ -->\n<title>Reifen - Code-Leseanleitung - Bottari.com<\/title>\n<meta name=\"description\" content=\"Praktische Anleitung zum Lesen der auf der Reifenschulter aufgedruckten Codes. Wo sie sind, was sie bedeuten und wozu sie da sind.\" \/>\n<meta name=\"robots\" content=\"index, follow, max-snippet:-1, max-image-preview:large, max-video-preview:-1\" \/>\n<link rel=\"canonical\" href=\"https:\/\/bottari.it\/de\/reifen\/\" \/>\n<meta property=\"og:locale\" content=\"de_DE\" \/>\n<meta property=\"og:type\" content=\"article\" \/>\n<meta property=\"og:title\" content=\"Reifen - Code-Leseanleitung - Bottari.com\" \/>\n<meta property=\"og:description\" content=\"Praktische Anleitung zum Lesen der auf der Reifenschulter aufgedruckten Codes. Wo sie sind, was sie bedeuten und wozu sie da sind.\" \/>\n<meta property=\"og:url\" content=\"https:\/\/bottari.it\/de\/reifen\/\" \/>\n<meta property=\"og:site_name\" content=\"Bottari.it\" \/>\n<meta property=\"article:publisher\" content=\"https:\/\/www.facebook.com\/bottarispa\" \/>\n<meta property=\"article:modified_time\" content=\"2023-01-19T11:20:15+00:00\" \/>\n<meta property=\"og:image\" content=\"https:\/\/bottari.it\/wp-content\/uploads\/2016\/07\/bottari_logo_retina.png\" \/>\n\t<meta property=\"og:image:width\" content=\"600\" \/>\n\t<meta property=\"og:image:height\" content=\"169\" \/>\n\t<meta property=\"og:image:type\" content=\"image\/png\" \/>\n<meta name=\"twitter:label1\" content=\"Gesch\u00e4tzte Lesezeit\" \/>\n\t<meta name=\"twitter:data1\" content=\"3\u00a0Minuten\" \/>\n<script type=\"application\/ld+json\" class=\"yoast-schema-graph\">{\"@context\":\"https:\/\/schema.org\",\"@graph\":[{\"@type\":\"WebPage\",\"@id\":\"https:\/\/bottari.it\/de\/reifen\/\",\"url\":\"https:\/\/bottari.it\/de\/reifen\/\",\"name\":\"Reifen - Code-Leseanleitung - Bottari.com\",\"isPartOf\":{\"@id\":\"https:\/\/bottari.it\/de\/#website\"},\"datePublished\":\"2023-01-19T11:17:09+00:00\",\"dateModified\":\"2023-01-19T11:20:15+00:00\",\"description\":\"Praktische Anleitung zum Lesen der auf der Reifenschulter aufgedruckten Codes. Wo sie sind, was sie bedeuten und wozu sie da sind.\",\"breadcrumb\":{\"@id\":\"https:\/\/bottari.it\/de\/reifen\/#breadcrumb\"},\"inLanguage\":\"de\",\"potentialAction\":[{\"@type\":\"ReadAction\",\"target\":[\"https:\/\/bottari.it\/de\/reifen\/\"]}]},{\"@type\":\"BreadcrumbList\",\"@id\":\"https:\/\/bottari.it\/de\/reifen\/#breadcrumb\",\"itemListElement\":[{\"@type\":\"ListItem\",\"position\":1,\"name\":\"Home\",\"item\":\"https:\/\/bottari.it\/de\/\"},{\"@type\":\"ListItem\",\"position\":2,\"name\":\"Reifen\"}]},{\"@type\":\"WebSite\",\"@id\":\"https:\/\/bottari.it\/de\/#website\",\"url\":\"https:\/\/bottari.it\/de\/\",\"name\":\"Bottari.it\",\"description\":\"accessori per Auto, Moto, Bici, Veicoli commerciali e Camion\",\"publisher\":{\"@id\":\"https:\/\/bottari.it\/de\/#organization\"},\"potentialAction\":[{\"@type\":\"SearchAction\",\"target\":{\"@type\":\"EntryPoint\",\"urlTemplate\":\"https:\/\/bottari.it\/de\/?s={search_term_string}\"},\"query-input\":\"required name=search_term_string\"}],\"inLanguage\":\"de\"},{\"@type\":\"Organization\",\"@id\":\"https:\/\/bottari.it\/de\/#organization\",\"name\":\"BOTTARI S.p.a.\",\"url\":\"https:\/\/bottari.it\/de\/\",\"logo\":{\"@type\":\"ImageObject\",\"inLanguage\":\"de\",\"@id\":\"https:\/\/bottari.it\/de\/#\/schema\/logo\/image\/\",\"url\":\"https:\/\/bottari.it\/wp-content\/uploads\/2014\/03\/Logo-Bottari.png\",\"contentUrl\":\"https:\/\/bottari.it\/wp-content\/uploads\/2014\/03\/Logo-Bottari.png\",\"width\":1200,\"height\":1200,\"caption\":\"BOTTARI S.p.a.\"},\"image\":{\"@id\":\"https:\/\/bottari.it\/de\/#\/schema\/logo\/image\/\"},\"sameAs\":[\"https:\/\/www.instagram.com\/bottarispa\/\",\"https:\/\/www.linkedin.com\/company\/bottari-s.p.a.\",\"https:\/\/www.facebook.com\/bottarispa\"]}]}<\/script>\n<!-- \/ Yoast SEO plugin. -->","yoast_head_json":{"title":"Reifen - Code-Leseanleitung - Bottari.com","description":"Praktische Anleitung zum Lesen der auf der Reifenschulter aufgedruckten Codes. Wo sie sind, was sie bedeuten und wozu sie da sind.","robots":{"index":"index","follow":"follow","max-snippet":"max-snippet:-1","max-image-preview":"max-image-preview:large","max-video-preview":"max-video-preview:-1"},"canonical":"https:\/\/bottari.it\/de\/reifen\/","og_locale":"de_DE","og_type":"article","og_title":"Reifen - Code-Leseanleitung - Bottari.com","og_description":"Praktische Anleitung zum Lesen der auf der Reifenschulter aufgedruckten Codes. Wo sie sind, was sie bedeuten und wozu sie da sind.","og_url":"https:\/\/bottari.it\/de\/reifen\/","og_site_name":"Bottari.it","article_publisher":"https:\/\/www.facebook.com\/bottarispa","article_modified_time":"2023-01-19T11:20:15+00:00","og_image":[{"width":600,"height":169,"url":"https:\/\/bottari.it\/wp-content\/uploads\/2016\/07\/bottari_logo_retina.png","type":"image\/png"}],"twitter_misc":{"Gesch\u00e4tzte Lesezeit":"3\u00a0Minuten"},"schema":{"@context":"https:\/\/schema.org","@graph":[{"@type":"WebPage","@id":"https:\/\/bottari.it\/de\/reifen\/","url":"https:\/\/bottari.it\/de\/reifen\/","name":"Reifen - Code-Leseanleitung - Bottari.com","isPartOf":{"@id":"https:\/\/bottari.it\/de\/#website"},"datePublished":"2023-01-19T11:17:09+00:00","dateModified":"2023-01-19T11:20:15+00:00","description":"Praktische Anleitung zum Lesen der auf der Reifenschulter aufgedruckten Codes. Wo sie sind, was sie bedeuten und wozu sie da sind.","breadcrumb":{"@id":"https:\/\/bottari.it\/de\/reifen\/#breadcrumb"},"inLanguage":"de","potentialAction":[{"@type":"ReadAction","target":["https:\/\/bottari.it\/de\/reifen\/"]}]},{"@type":"BreadcrumbList","@id":"https:\/\/bottari.it\/de\/reifen\/#breadcrumb","itemListElement":[{"@type":"ListItem","position":1,"name":"Home","item":"https:\/\/bottari.it\/de\/"},{"@type":"ListItem","position":2,"name":"Reifen"}]},{"@type":"WebSite","@id":"https:\/\/bottari.it\/de\/#website","url":"https:\/\/bottari.it\/de\/","name":"Bottari.it","description":"accessori per Auto, Moto, Bici, Veicoli commerciali e Camion","publisher":{"@id":"https:\/\/bottari.it\/de\/#organization"},"potentialAction":[{"@type":"SearchAction","target":{"@type":"EntryPoint","urlTemplate":"https:\/\/bottari.it\/de\/?s={search_term_string}"},"query-input":"required name=search_term_string"}],"inLanguage":"de"},{"@type":"Organization","@id":"https:\/\/bottari.it\/de\/#organization","name":"BOTTARI S.p.a.","url":"https:\/\/bottari.it\/de\/","logo":{"@type":"ImageObject","inLanguage":"de","@id":"https:\/\/bottari.it\/de\/#\/schema\/logo\/image\/","url":"https:\/\/bottari.it\/wp-content\/uploads\/2014\/03\/Logo-Bottari.png","contentUrl":"https:\/\/bottari.it\/wp-content\/uploads\/2014\/03\/Logo-Bottari.png","width":1200,"height":1200,"caption":"BOTTARI S.p.a."},"image":{"@id":"https:\/\/bottari.it\/de\/#\/schema\/logo\/image\/"},"sameAs":["https:\/\/www.instagram.com\/bottarispa\/","https:\/\/www.linkedin.com\/company\/bottari-s.p.a.","https:\/\/www.facebook.com\/bottarispa"]}]}},"_links":{"self":[{"href":"https:\/\/bottari.it\/de\/wp-json\/wp\/v2\/pages\/29133"}],"collection":[{"href":"https:\/\/bottari.it\/de\/wp-json\/wp\/v2\/pages"}],"about":[{"href":"https:\/\/bottari.it\/de\/wp-json\/wp\/v2\/types\/page"}],"author":[{"embeddable":true,"href":"https:\/\/bottari.it\/de\/wp-json\/wp\/v2\/users\/2"}],"replies":[{"embeddable":true,"href":"https:\/\/bottari.it\/de\/wp-json\/wp\/v2\/comments?post=29133"}],"version-history":[{"count":11,"href":"https:\/\/bottari.it\/de\/wp-json\/wp\/v2\/pages\/29133\/revisions"}],"predecessor-version":[{"id":29267,"href":"https:\/\/bottari.it\/de\/wp-json\/wp\/v2\/pages\/29133\/revisions\/29267"}],"wp:attachment":[{"href":"https:\/\/bottari.it\/de\/wp-json\/wp\/v2\/media?parent=29133"}],"curies":[{"name":"wp","href":"https:\/\/api.w.org\/{rel}","templated":true}]}}